{"id":4200,"date":"2023-10-02T02:35:01","date_gmt":"2023-10-02T02:35:01","guid":{"rendered":"https:\/\/demo.apnx.com\/brand-story\/"},"modified":"2023-10-23T06:06:33","modified_gmt":"2023-10-23T06:06:33","slug":"brand-story","status":"publish","type":"page","link":"https:\/\/demo.apnx.com\/de\/brand-story\/","title":{"rendered":"Markengeschichte"},"content":{"rendered":"<section class=\"l-section wpb_row hide_on_default hide_on_laptops hide_on_tablets height_medium\"><div class=\"l-section-h i-cf\"><div class=\"g-cols vc_row via_flex valign_top type_default stacking_default\"><div class=\"vc_col-sm-12 wpb_column vc_column_container\"><div class=\"vc_column-inner\"><div class=\"wpb_wrapper\"><div class=\"w-image align_none\"><div class=\"w-image-h\"><img decoding=\"async\" width=\"768\" height=\"500\" src=\"https:\/\/demo.apnx.com\/wp-content\/uploads\/2023\/09\/apnx_about_logo_BGRD.webp\" class=\"attachment-full size-full\" alt=\"\" loading=\"lazy\" srcset=\"https:\/\/demo.apnx.com\/wp-content\/uploads\/2023\/09\/apnx_about_logo_BGRD.webp 768w, https:\/\/demo.apnx.com\/wp-content\/uploads\/2023\/09\/apnx_about_logo_BGRD-600x391.webp 600w, https:\/\/demo.apnx.com\/wp-content\/uploads\/2023\/09\/apnx_about_logo_BGRD-500x326.webp 500w\" sizes=\"auto, (max-width: 768px) 100vw, 768px\" \/><\/div><\/div><\/div><\/div><\/div><\/div><\/div><\/section><section class=\"l-section wpb_row height_medium\"><div class=\"l-section-h i-cf\"><div class=\"g-cols vc_row via_flex valign_top type_default stacking_default\"><div class=\"vc_col-sm-12 wpb_column vc_column_container\"><div class=\"vc_column-inner\"><div class=\"wpb_wrapper\"><div class=\"w-separator size_custom\" style=\"height:18rem\"><\/div><div class=\"g-cols wpb_row via_flex valign_top type_default stacking_default\"><div class=\"vc_col-sm-6 wpb_column vc_column_container\"><div class=\"vc_column-inner\"><div class=\"wpb_wrapper\">[vc_custom_heading text=&#8220;Markengeschichte&#8220; font_container=&#8220;tag:div|text_align:left&#8220; css=&#8220;%7B%22default%22%3A%7B%22color%22%3A%22%23fafafc%22%2C%22font-size%22%3A%222rem%22%2C%22font-family%22%3A%22body%22%2C%22font-weight%22%3A%22400%22%7D%7D&#8220;]<\/div><\/div><\/div><div class=\"vc_col-sm-6 wpb_column vc_column_container\"><div class=\"vc_column-inner\"><div class=\"wpb_wrapper\"><\/div><\/div><\/div><\/div><div class=\"w-separator size_custom\" style=\"height:8rem\"><\/div><\/div><\/div><\/div><\/div><\/div><\/section><!-- Row Backgrounds --><div class=\"upb_bg_img\" data-ultimate-bg=\"url(https:\/\/demo.apnx.com\/wp-content\/uploads\/2023\/09\/apnx_about_logo_BG.webp)\" data-image-id=\"id^314|url^https:\/\/demo.apnx.com\/wp-content\/uploads\/2023\/09\/apnx_about_logo_BG.webp|caption^null|alt^null|title^apnx_about_logo_BG|description^null\" data-ultimate-bg-style=\"vcpb-default\" data-bg-img-repeat=\"no-repeat\" data-bg-img-size=\"cover\" data-bg-img-position=\"\" data-parallx_sense=\"30\" data-bg-override=\"0\" data-bg_img_attach=\"scroll\" data-upb-overlay-color=\"\" data-upb-bg-animation=\"\" data-fadeout=\"\" data-bg-animation=\"left-animation\" data-bg-animation-type=\"h\" data-animation-repeat=\"repeat\" data-fadeout-percentage=\"30\" data-parallax-content=\"\" data-parallax-content-sense=\"30\" data-row-effect-mobile-disable=\"true\" data-img-parallax-mobile-disable=\"true\" data-rtl=\"false\"  data-custom-vc-row=\"\"  data-vc=\"8.0\"  data-is_old_vc=\"\"  data-theme-support=\"\"   data-overlay=\"false\" data-overlay-color=\"\" data-overlay-pattern=\"\" data-overlay-pattern-opacity=\"\" data-overlay-pattern-size=\"\"    ><\/div><section class=\"l-section wpb_row us_custom_e4eb24e1 height_medium\"><div class=\"l-section-h i-cf\"><div class=\"g-cols vc_row via_flex valign_top type_default stacking_default\"><div class=\"vc_col-sm-12 wpb_column vc_column_container\"><div class=\"vc_column-inner\"><div class=\"wpb_wrapper\"><div class=\"g-cols wpb_row via_flex valign_top type_default stacking_default\"><div class=\"vc_col-sm-2 wpb_column vc_column_container\"><div class=\"vc_column-inner\"><div class=\"wpb_wrapper\"><\/div><\/div><\/div><div class=\"vc_col-sm-8 wpb_column vc_column_container\"><div class=\"vc_column-inner\"><div class=\"wpb_wrapper\"><div class=\"wpb_text_column\"><div class=\"wpb_wrapper\"><p>Das Advanced Performance Nexus kennzeichnet einen engagierten Ansatz zur Lieferung hochwertiger PC-Hardware, wobei neueste Verbrauchertechnologie mit der f\u00fcr unsere Marke charakteristischen architektonischen \u00c4sthetik kombiniert wird.<br \/>\nAPNX st\u00fctzt sich auf ein Team von Branchenexperten mit umfassender Erfahrung in dem Bereich. Jedes Mitglied bringt eine F\u00fclle von Wissen und Expertise in die Marke ein. Diese kollektive Erfahrung stellt sicher, dass unsere Produkte mit maximaler Pr\u00e4zision und Einsicht kuratiert werden, die in ihrer Gesamtqualit\u00e4t eindeutig zum Vorschein kommt.<br \/>\nWenn Sie sich f\u00fcr APNX entscheiden, kaufen Sie nicht nur einfach Hardware; Sie investieren in ein sorgf\u00e4ltig kuratiertes \u00d6kosystem, in dem zuverl\u00e4ssige Leistung, vision\u00e4res Design und makellose Handwerkskunst verschmelzen. Wir laden Sie ein, dem Nexus beizutreten und Ihre Computing-Erfahrung zu einer Kunstform zu erheben.<\/p>\n<\/div><\/div><\/div><\/div><\/div><div class=\"vc_col-sm-2 wpb_column vc_column_container\"><div class=\"vc_column-inner\"><div class=\"wpb_wrapper\"><\/div><\/div><\/div><\/div><div class=\"w-separator size_medium\"><\/div><div class=\"g-cols wpb_row via_flex valign_top type_default stacking_default\"><div class=\"vc_col-sm-7 wpb_column vc_column_container\"><div class=\"vc_column-inner\"><div class=\"wpb_wrapper\"><div class=\"wpb_text_column\"><div class=\"wpb_wrapper\"><h2>Designphilosophie:<\/h2>\n<p>APNX\u2018 Designphilosophie dreht sich um sorgf\u00e4ltige Beachtung von Details und die nahtlose Verschmelzung von Form und Funktion. Dieser Ansatz bringt verschiedene Vorteile f\u00fcr unsere Zielgruppe mit sich:<\/p>\n<ul>\n<li><em>Verbessertes Nutzererlebnis<\/em>:APNX-Produkte sind benutzerorientiert, dienen der Vereinfachung des Aufbaus von PC-Systemen, um diesen f\u00fcr Nutzer aller Ebenen zug\u00e4nglich und angenehm zu gestalten.<\/li>\n<li><em> Elegante und intuitive Designexzellenz<\/em>:APNX legt den Hauptaugenmerk in unseren Produktdesigns auf eine saubere, raffinierte \u00c4sthetik f\u00fcr visuell ansprechende PC-Konfigurationen und nahtlose Integration in jede Umgebung<\/li>\n<li><em>\u00a0 Leistungsoptimierung<\/em>:Durch hohe Qualit\u00e4t bei Materialien und Verarbeitung sind APNX-Produkte auf Best\u00e4ndigkeit ausgelegt, bieten Nutzern eine langfristige Investition in ihre PC-Konfigurationen.<\/li>\n<\/ul>\n<\/div><\/div><div class=\"wpb_text_column\"><div class=\"wpb_wrapper\"><h2>Ihre Geschichte aufbauen:<\/h2>\n<p>Wir bei APNX verfolgen das Ziel, zum Nexus von Leistung und \u00c4sthetik auf Ihrer PC-Reise zu werden. Wir stellen uns eine harmonische Welt vor, in der erstklassige PC-Technologie m\u00fchelos mit elegantem Design verschmilzt. Egal, ob Sie Gamer, Content Creator, PC-Enthusiast oder Experte sind: Unsere Mission ist es, Ihnen hochwertige Hardware zu bieten, die nicht nur Ihre Produktivit\u00e4t, Kreativit\u00e4t und Freude steigert, sondern auch Ihren Lebensstil bereichert. Durch sorgf\u00e4ltige Auswahl hochwertiger Materialien und Einhaltung strenger Fertigungsprozesse gew\u00e4hrleisten wir ein Ma\u00df an Handwerkskunst, das die Zeit \u00fcberdauert und gleichzeitig eine saubere, raffinierte \u00c4sthetik wahrt. Unsere Produkte sind nutzerfreundlich und lassen sich nahtlos in verschiedene Arbeits- und Gaming-Umgebungen einf\u00fcgen. Wir sind davon \u00fcberzeugt, dass Sie durch bessere Leistung und mehr Wohlbefinden mehr erreichen k\u00f6nnen. Unser Produktsortiment nimmt einen einzigartigen Platz ein, in dem sich zuverl\u00e4ssige Leistung mit Handwerkskunst \u00fcberschneidet, was APNX-Hardware zu einem integralen Werkzeug f\u00fcr das Schreiben Ihrer eigenen sich entfaltenden Geschichte macht.<\/p>\n<\/div><\/div><\/div><\/div><\/div><div class=\"vc_col-sm-5 wpb_column vc_column_container\"><div class=\"vc_column-inner\"><div class=\"wpb_wrapper\"><\/div><\/div><\/div><\/div><\/div><\/div><\/div><\/div><\/div><\/section>\n","protected":false},"excerpt":{"rendered":"[vc_custom_heading text=\"Markengeschichte\" font_container=\"tag:div|text_align:left\" css=\"%7B%22default%22%3A%7B%22color%22%3A%22%23fafafc%22%2C%22font-size%22%3A%222rem%22%2C%22font-family%22%3A%22body%22%2C%22font-weight%22%3A%22400%22%7D%7D\"]Das Advanced Performance Nexus kennzeichnet einen engagierten Ansatz zur Lieferung hochwertiger PC-Hardware, wobei neueste Verbrauchertechnologie mit der f\u00fcr unsere Marke charakteristischen architektonischen \u00c4sthetik kombiniert wird. APNX st\u00fctzt sich auf ein Team von Branchenexperten mit umfassender Erfahrung in dem Bereich. Jedes Mitglied bringt eine F\u00fclle von Wissen und Expertise in die Marke ein....","protected":false},"author":4,"featured_media":0,"parent":0,"menu_order":0,"comment_status":"closed","ping_status":"closed","template":"","meta":{"footnotes":""},"class_list":["post-4200","page","type-page","status-publish","hentry"],"yoast_head":"<!-- This site is optimized with the Yoast SEO plugin v23.8 - https:\/\/yoast.com\/wordpress\/plugins\/seo\/ -->\n<title>Markengeschichte - APNX | Build Your Story<\/title>\n<meta name=\"robots\" content=\"noindex, follow, max-snippet:-1, max-image-preview:large, max-video-preview:-1\" \/>\n<meta property=\"og:locale\" content=\"de_DE\" \/>\n<meta property=\"og:type\" content=\"article\" \/>\n<meta property=\"og:title\" content=\"Markengeschichte - APNX | Build Your Story\" \/>\n<meta property=\"og:url\" content=\"https:\/\/demo.apnx.com\/de\/brand-story\/\" \/>\n<meta property=\"og:site_name\" content=\"APNX | Build Your Story\" \/>\n<meta property=\"article:modified_time\" content=\"2023-10-23T06:06:33+00:00\" \/>\n<meta name=\"twitter:card\" content=\"summary_large_image\" \/>\n<meta name=\"twitter:label1\" content=\"Gesch\u00e4tzte Lesezeit\" \/>\n\t<meta name=\"twitter:data1\" content=\"2\u00a0Minuten\" \/>\n<script type=\"application\/ld+json\" class=\"yoast-schema-graph\">{\"@context\":\"https:\/\/schema.org\",\"@graph\":[{\"@type\":\"WebPage\",\"@id\":\"https:\/\/demo.apnx.com\/de\/brand-story\/\",\"url\":\"https:\/\/demo.apnx.com\/de\/brand-story\/\",\"name\":\"Markengeschichte - APNX | Build Your Story\",\"isPartOf\":{\"@id\":\"https:\/\/demo.apnx.com\/de\/#website\"},\"datePublished\":\"2023-10-02T02:35:01+00:00\",\"dateModified\":\"2023-10-23T06:06:33+00:00\",\"breadcrumb\":{\"@id\":\"https:\/\/demo.apnx.com\/de\/brand-story\/#breadcrumb\"},\"inLanguage\":\"de\",\"potentialAction\":[{\"@type\":\"ReadAction\",\"target\":[\"https:\/\/demo.apnx.com\/de\/brand-story\/\"]}]},{\"@type\":\"BreadcrumbList\",\"@id\":\"https:\/\/demo.apnx.com\/de\/brand-story\/#breadcrumb\",\"itemListElement\":[{\"@type\":\"ListItem\",\"position\":1,\"name\":\"Home\",\"item\":\"https:\/\/www.apnx.com\/de\/\"},{\"@type\":\"ListItem\",\"position\":2,\"name\":\"Markengeschichte\"}]},{\"@type\":\"WebSite\",\"@id\":\"https:\/\/demo.apnx.com\/de\/#website\",\"url\":\"https:\/\/demo.apnx.com\/de\/\",\"name\":\"APNX | Build Your Story\",\"description\":\"APNX | Build Your Story\",\"potentialAction\":[{\"@type\":\"SearchAction\",\"target\":{\"@type\":\"EntryPoint\",\"urlTemplate\":\"https:\/\/demo.apnx.com\/de\/?s={search_term_string}\"},\"query-input\":{\"@type\":\"PropertyValueSpecification\",\"valueRequired\":true,\"valueName\":\"search_term_string\"}}],\"inLanguage\":\"de\"}]}<\/script>\n<!-- \/ Yoast SEO plugin. -->","yoast_head_json":{"title":"Markengeschichte - APNX | Build Your Story","robots":{"index":"noindex","follow":"follow","max-snippet":"max-snippet:-1","max-image-preview":"max-image-preview:large","max-video-preview":"max-video-preview:-1"},"og_locale":"de_DE","og_type":"article","og_title":"Markengeschichte - APNX | Build Your Story","og_url":"https:\/\/demo.apnx.com\/de\/brand-story\/","og_site_name":"APNX | Build Your Story","article_modified_time":"2023-10-23T06:06:33+00:00","twitter_card":"summary_large_image","twitter_misc":{"Gesch\u00e4tzte Lesezeit":"2\u00a0Minuten"},"schema":{"@context":"https:\/\/schema.org","@graph":[{"@type":"WebPage","@id":"https:\/\/demo.apnx.com\/de\/brand-story\/","url":"https:\/\/demo.apnx.com\/de\/brand-story\/","name":"Markengeschichte - APNX | Build Your Story","isPartOf":{"@id":"https:\/\/demo.apnx.com\/de\/#website"},"datePublished":"2023-10-02T02:35:01+00:00","dateModified":"2023-10-23T06:06:33+00:00","breadcrumb":{"@id":"https:\/\/demo.apnx.com\/de\/brand-story\/#breadcrumb"},"inLanguage":"de","potentialAction":[{"@type":"ReadAction","target":["https:\/\/demo.apnx.com\/de\/brand-story\/"]}]},{"@type":"BreadcrumbList","@id":"https:\/\/demo.apnx.com\/de\/brand-story\/#breadcrumb","itemListElement":[{"@type":"ListItem","position":1,"name":"Home","item":"https:\/\/www.apnx.com\/de\/"},{"@type":"ListItem","position":2,"name":"Markengeschichte"}]},{"@type":"WebSite","@id":"https:\/\/demo.apnx.com\/de\/#website","url":"https:\/\/demo.apnx.com\/de\/","name":"APNX | Build Your Story","description":"APNX | Build Your Story","potentialAction":[{"@type":"SearchAction","target":{"@type":"EntryPoint","urlTemplate":"https:\/\/demo.apnx.com\/de\/?s={search_term_string}"},"query-input":{"@type":"PropertyValueSpecification","valueRequired":true,"valueName":"search_term_string"}}],"inLanguage":"de"}]}},"_links":{"self":[{"href":"https:\/\/demo.apnx.com\/de\/wp-json\/wp\/v2\/pages\/4200","targetHints":{"allow":["GET"]}}],"collection":[{"href":"https:\/\/demo.apnx.com\/de\/wp-json\/wp\/v2\/pages"}],"about":[{"href":"https:\/\/demo.apnx.com\/de\/wp-json\/wp\/v2\/types\/page"}],"author":[{"embeddable":true,"href":"https:\/\/demo.apnx.com\/de\/wp-json\/wp\/v2\/users\/4"}],"replies":[{"embeddable":true,"href":"https:\/\/demo.apnx.com\/de\/wp-json\/wp\/v2\/comments?post=4200"}],"version-history":[{"count":4,"href":"https:\/\/demo.apnx.com\/de\/wp-json\/wp\/v2\/pages\/4200\/revisions"}],"predecessor-version":[{"id":4784,"href":"https:\/\/demo.apnx.com\/de\/wp-json\/wp\/v2\/pages\/4200\/revisions\/4784"}],"wp:attachment":[{"href":"https:\/\/demo.apnx.com\/de\/wp-json\/wp\/v2\/media?parent=4200"}],"curies":[{"name":"wp","href":"https:\/\/api.w.org\/{rel}","templated":true}]}}