{"id":4203,"date":"2023-08-01T07:43:08","date_gmt":"2023-08-01T07:43:08","guid":{"rendered":"https:\/\/demo.apnx.com\/privacy-policy\/"},"modified":"2023-10-17T01:31:38","modified_gmt":"2023-10-17T01:31:38","slug":"privacy-policy","status":"publish","type":"page","link":"https:\/\/demo.apnx.com\/de\/privacy-policy\/","title":{"rendered":"Privacy Policy"},"content":{"rendered":"<section class=\"l-section wpb_row height_medium width_custom with_img\" style=\"--site-content-width:1330px;\"><div class=\"l-section-img\" role=\"img\" data-img-width=\"1920\" data-img-height=\"1080\" style=\"background-image: url(https:\/\/demo.apnx.com\/wp-content\/uploads\/2023\/10\/apnx_logo_BG_2.jpg);\"><\/div><div class=\"l-section-h i-cf\"><div class=\"g-cols vc_row via_flex valign_middle type_default stacking_default\"><div class=\"vc_col-sm-12 wpb_column vc_column_container\"><div class=\"vc_column-inner\"><div class=\"wpb_wrapper\"><div class=\"g-cols wpb_row via_flex valign_top type_default stacking_default\"><div class=\"vc_col-sm-12 wpb_column vc_column_container\"><div class=\"vc_column-inner\"><div class=\"wpb_wrapper\"><div class=\"wpb_text_column\"><div class=\"wpb_wrapper\"><p>APNX nimmt Ihre Privatsph\u00e4re ernst.<br \/>\nBitte lesen Sie Folgendes, um mehr \u00fcber unsere Datenschutzerkl\u00e4rung zu erfahren.<\/p>\n<\/div><\/div><\/div><\/div><\/div><\/div><\/div><\/div><\/div><\/div><\/div><\/section><section class=\"l-section wpb_row height_medium width_custom\" style=\"--site-content-width:1330px;\"><div class=\"l-section-h i-cf\"><div class=\"g-cols vc_row via_flex valign_middle type_default stacking_default\"><div class=\"vc_col-sm-12 wpb_column vc_column_container\"><div class=\"vc_column-inner\"><div class=\"wpb_wrapper\"><div class=\"g-cols wpb_row via_flex valign_middle type_default stacking_default\"><div class=\"vc_col-sm-12 wpb_column vc_column_container\"><div class=\"vc_column-inner\"><div class=\"wpb_wrapper\"><div class=\"wpb_text_column\"><div class=\"wpb_wrapper\"><p><strong>Was dieses Datenschutzerkl\u00e4rung abdeckt<\/strong><\/p>\n<ul>\n<li>Diese Richtlinie deckt ab, wie APNX personenbezogene Daten behandelt, die APNX sammelt und empf\u00e4ngt, einschlie\u00dflich Daten in Bezug auf Ihre fr\u00fchere Nutzung von APNX-Produkten und -Diensten. Personenbezogene Daten sind Daten, die Sie pers\u00f6nlich identifizieren k\u00f6nnen, wie Ihr Name, Ihre Anschrift, Ihre E-Mail-Adresse oder Telefonnummer, und die nicht anderweitig \u00f6ffentlich verf\u00fcgbar sind.<\/li>\n<li>Diese Richtlinie gilt nicht f\u00fcr die Praktiken von Unternehmen, die nicht Eigentum von APNX sind oder unter APNX\u2018 Kontrolle stehen, sowie f\u00fcr Personen, die nicht bei APNX besch\u00e4ftigt sind oder nicht von APNX verwaltet werden. Zudem k\u00f6nnten bestimmte mit APNX verbundene Unternehmen ihre eigenen Datenschutzerkl\u00e4rungen haben.<\/li>\n<\/ul>\n<\/div><\/div><div class=\"wpb_text_column\"><div class=\"wpb_wrapper\"><p><strong>Erfassung und Nutzung von Daten<\/strong><\/p>\n<ul>\n<li>APNX sammelt und speichert Ihre personenbezogenen Daten, wenn Sie sich bei APNX registrieren, wenn Sie APNX-Produkte oder -Dienste nutzen, APNX-Seiten oder Seiten bestimmter APNX-Partner besuchen und an Werbeaktionen oder Gewinnspielen teilnehmen.<\/li>\n<li>Wenn Sie sich auf unserer Website registrieren, bittet Sie APNX um die Eingabe einiger personenbezogener Daten, was Ihren Namen, Ihre Anschrift, Ihre E-Mail-Adresse, Ihr Geburtsdatum, Ihr Geschlecht, Ihre Postleitzahl, Ihren Beruf, Ihre Branche, pers\u00f6nliche Interessen und andere Informationen \u00fcber Ihre Verm\u00f6genswerte beinhaltet, und die zuvor genannten Informationen werden basierend auf Ihrer Zustimmung an APNX weitergegeben und von APNX gespeichert und verwendet. Wenn Sie sich erfolgreich auf unserer Website registrieren, wird dies als Best\u00e4tigung Ihrer Zustimmung gewertet. Wenn Sie sich auf unserer Website registrieren und an unseren Diensten anmelden, sind Sie f\u00fcr APNX kein anonymer Nutzer mehr.<\/li>\n<li>Zur Verbesserung des Dienstes und zur Wahrung einer ausgezeichneten Kommunikation mit Kunden nutzt APNX die zuvor erw\u00e4hnten Daten f\u00fcr folgende allgemeine Zwecke:\n<ul>\n<li>Zur Anpassung von Werbung und Inhalten, zur Beantwortung Ihrer Anfragen nach Produkten und Diensten, zur Verbesserung unserer Dienste, zur Kontaktaufnahme mit Ihnen, zur Durchf\u00fchrung von Forschungsarbeiten und zur Bereitstellung anonymer Berichte f\u00fcr interne und externe Kunden.<\/li>\n<li>Zur Erfassung, Speicherung und Kombination der Daten und zur Weitergabe an APNX\u2018 Tochtergesellschaften und vertrauensw\u00fcrdigen Partner, die im Namen von oder mit APNX basierend auf Vertraulichkeitsvereinbarungen an der Einrichtung eines \u00f6ffentlichen Verwaltungssystems von Kunden arbeiten. Diese Unternehmen k\u00f6nnten Ihre personenbezogenen Daten nutzen, um APNX bei der Kommunikation mit Ihnen \u00fcber Angebote von APNX und unseren Marketing-Partnern zu unterst\u00fctzen. Diese Unternehmen haben jedoch kein unabh\u00e4ngiges Recht, diese Daten weiterzugeben.<\/li>\n<li>Zur Kommunikation mit Ihnen oder zur Best\u00e4tigung Ihrer Anfrage \u00fcber Online-Frageb\u00f6gen, wenn die Daten von den APNX\u2018 Gesch\u00e4ftspartnern oder Unterauftragnehmern verwendet werden, um die Produkt-, Service- und Verkaufsinformationen von APNX zu empfehlen oder vorzustellen.<\/li>\n<\/ul>\n<\/li>\n<\/ul>\n<p>es wird davon ausgegangen, dass Sie zustimmen, APNX die Sammlung und Verwendung der zuvor genannten Daten basierend auf dieser Datenschutzerkl\u00e4rung genehmigen. Sie haben aber dennoch das Recht, die von Ihnen an APNX bereitgestellten Daten zur\u00fcckzuziehen. Zum Schutz Ihrer Rechte k\u00f6nnen Sie eine pers\u00f6nlich von Ihnen unterschriebene Anfrage zum Widerrufen der Rechte per Post an APNX senden. Ihre Anfrage wird innerhalb von sieben (7) Werktagen verarbeitet. APNX verarbeitet Ihre Daten in \u00dcbereinstimmung mit den Gesetzen und Richtlinien der Republik China (Taiwan).<\/p>\n<\/div><\/div><div class=\"wpb_text_column\"><div class=\"wpb_wrapper\"><p><strong>Cookies<\/strong><\/p>\n<p>Cookies sind kleine Dateien, die eine Website oder ihr Serviceanbieter \u00fcber Ihren Webbrowser auf die Festplatte Ihres Computers \u00fcbertr\u00e4gt (wenn Sie dies zulassen), damit die Systeme der Website oder des Serviceanbieters Ihren Browser erkennen und bestimmte Informationen erfassen und speichern k\u00f6nnen. Beispielsweise verwenden wir Cookies, um uns bei der Sammlung und Verarbeitung der Artikel in Ihrem Warenkorb zu helfen. Sie werden auch verwendet, um uns bei der Erfassung Ihrer Vorlieben aufgrund fr\u00fcherer oder aktueller Aktivit\u00e4ten auf der Website zu unterst\u00fctzen, was es uns erm\u00f6glicht, Ihnen verbesserte Dienstleistungen anzubieten. Wir verwenden auch Cookies, um uns bei der Zusammenstellung von aggregierten Daten \u00fcber den Website-Verkehr und die Website-Interaktion zu unterst\u00fctzen, damit wir in Zukunft bessere Website-Erlebnisse und Werkzeuge anbieten k\u00f6nnen.<\/p>\n<p><strong>Wir nutzen Cookies zu folgenden Zwecken:<\/strong><\/p>\n<ul>\n<li>Verstehen und Speichern der Pr\u00e4ferenzen von Nutzern f\u00fcr k\u00fcnftige Besuche.<\/li>\n<li>Verfolgen von Werbeaktionen.<\/li>\n<\/ul>\n<p>Sie k\u00f6nnen sich dazu entscheiden, dass Ihr Computer Sie jedes Mal warnt, wenn ein Cookie gesendet wird, oder Sie k\u00f6nnen alle Cookies abschalten. Sie k\u00f6nnen dies \u00fcber Ihre Browser-Einstellungen (z. B. Internet Explorer) tun. Jeder Browser hat andere Einstellungen. Schauen Sie bitte im Hilfe-Men\u00fc Ihres Browsers nach, wie Sie Ihre Cookie-Einstellungen \u00e4ndern k\u00f6nnen. Wenn Sie Cookies deaktivieren, ist Ihr Website-Erlebnis durch fehlende oder eingeschr\u00e4nkte Funktionen und Merkmale m\u00f6glicherweise beeintr\u00e4chtigt oder einige unserer Dienste funktionieren nicht richtig.<\/p>\n<\/div><\/div><div class=\"wpb_text_column\"><div class=\"wpb_wrapper\"><p><strong>Haftungsausschluss<\/strong><\/p>\n<p>Diese Website ist das Eigentum von APNX. APNX garantiert jedoch nicht die Sicherheit, Privatsph\u00e4re oder andere relevante Inhalte anderer mit dieser Website verkn\u00fcpfter Websites oder Inhalte. Links begr\u00fcnden keine Mitarbeiter-, Agentur-, Vertreter- oder Partnerschaftsbeziehung.<\/p>\n<p><strong>Vertraulichkeit und Sicherheit<\/strong><\/p>\n<ul>\n<li>Zum Schutz Ihrer Sicherheit und Privatsph\u00e4re werden Ihre Informationen im APNX-Konto durch ein Kennwort gesch\u00fctzt.<\/li>\n<li>In einigen F\u00e4llen nutzt APNC das SSL-Sicherheitssystem zum Schutz von Informationen w\u00e4hrend der \u00dcbertragung.<\/li>\n<li>Wir beschr\u00e4nken den Zugriff auf personenbezogene Daten \u00fcber Sie auf Mitarbeiter, die unserer Meinung nach darauf angewiesen sind, auf diese Daten zuzugreifen, damit sie Ihnen zur Erf\u00fcllung ihrer Pflichten Produkte oder Dienstleistungen bereitstellen k\u00f6nnen.<\/li>\n<li>Wir haben zum Schutz der personenbezogenen Daten \u00fcber Sie physische, elektronische und verfahrensm\u00e4\u00dfige Sicherheitsvorkehrungen implementiert, die mit Richtlinien auf Bundesebene \u00fcbereinstimmen.<\/li>\n<\/ul>\n<\/div><\/div><div class=\"wpb_text_column\"><div class=\"wpb_wrapper\"><p><strong>\u00c4nderungen an dieser Datenschutzerkl\u00e4rung<\/strong><\/p>\n<p>APNX beh\u00e4lt sich das Recht vor, diese Richtlinie in Reaktion auf die aktuellsten Bedingungen hin und wieder zu \u00e4ndern oder zu widerrufen. Wir empfehlen Ihnen, diese Richtlinie sorgf\u00e4ltig zu lesen, wann immer dies zum Umgang mit einer neuen Bedingung erforderlich ist. Wir geben etwaige wesentliche \u00c4nderungen auf dieser Website bekannt.<\/p>\n<p><strong>Fragen und Anregungen<\/strong><\/p>\n<p>Sollten Sie Fragen oder Anregungen haben, k\u00f6nnen Sie sich gerne auf folgendem Weg an uns wenden:<\/p>\n<ol>\n<li>Per E-Mail: info@apnxdrive.onmicrosoft.com<\/li>\n<li>By mail: Receiver &#8211; Aerocool Advanced Technologies Corp. Privacy Policy Issues Mail.<br \/>\nMailing address \u2013 3F. -6, No. 79, Sec. 1, Xintai 5th Rd., Xizhi Dist., New Taipei City 22010, Taiwan(R.O.C.).<\/li>\n<li>By phone:+886-2- 8698-1088<\/li>\n<li>By fax: +886-2- 8698-1082<\/li>\n<\/ol>\n<\/div><\/div><\/div><\/div><\/div><\/div><\/div><\/div><\/div><\/div><\/div><\/section>\n","protected":false},"excerpt":{"rendered":"APNX nimmt Ihre Privatsph\u00e4re ernst. Bitte lesen Sie Folgendes, um mehr \u00fcber unsere Datenschutzerkl\u00e4rung zu erfahren. Was dieses Datenschutzerkl\u00e4rung abdeckt Diese Richtlinie deckt ab, wie APNX personenbezogene Daten behandelt, die APNX sammelt und empf\u00e4ngt, einschlie\u00dflich Daten in Bezug auf Ihre fr\u00fchere Nutzung von APNX-Produkten und -Diensten. Personenbezogene Daten sind Daten, die Sie pers\u00f6nlich identifizieren k\u00f6nnen,...","protected":false},"author":1,"featured_media":0,"parent":0,"menu_order":0,"comment_status":"closed","ping_status":"open","template":"","meta":{"footnotes":""},"class_list":["post-4203","page","type-page","status-publish","hentry"],"yoast_head":"<!-- This site is optimized with the Yoast SEO plugin v23.8 - https:\/\/yoast.com\/wordpress\/plugins\/seo\/ -->\n<title>Privacy Policy - APNX | Build Your Story<\/title>\n<meta name=\"robots\" content=\"noindex, follow, max-snippet:-1, max-image-preview:large, max-video-preview:-1\" \/>\n<meta property=\"og:locale\" content=\"de_DE\" \/>\n<meta property=\"og:type\" content=\"article\" \/>\n<meta property=\"og:title\" content=\"Privacy Policy - APNX | Build Your Story\" \/>\n<meta property=\"og:url\" content=\"https:\/\/demo.apnx.com\/de\/privacy-policy\/\" \/>\n<meta property=\"og:site_name\" content=\"APNX | Build Your Story\" \/>\n<meta property=\"article:modified_time\" content=\"2023-10-17T01:31:38+00:00\" \/>\n<meta name=\"twitter:card\" content=\"summary_large_image\" \/>\n<meta name=\"twitter:label1\" content=\"Gesch\u00e4tzte Lesezeit\" \/>\n\t<meta name=\"twitter:data1\" content=\"5\u00a0Minuten\" \/>\n<script type=\"application\/ld+json\" class=\"yoast-schema-graph\">{\"@context\":\"https:\/\/schema.org\",\"@graph\":[{\"@type\":\"WebPage\",\"@id\":\"https:\/\/demo.apnx.com\/de\/privacy-policy\/\",\"url\":\"https:\/\/demo.apnx.com\/de\/privacy-policy\/\",\"name\":\"Privacy Policy - APNX | Build Your Story\",\"isPartOf\":{\"@id\":\"https:\/\/demo.apnx.com\/de\/#website\"},\"datePublished\":\"2023-08-01T07:43:08+00:00\",\"dateModified\":\"2023-10-17T01:31:38+00:00\",\"breadcrumb\":{\"@id\":\"https:\/\/demo.apnx.com\/de\/privacy-policy\/#breadcrumb\"},\"inLanguage\":\"de\",\"potentialAction\":[{\"@type\":\"ReadAction\",\"target\":[\"https:\/\/demo.apnx.com\/de\/privacy-policy\/\"]}]},{\"@type\":\"BreadcrumbList\",\"@id\":\"https:\/\/demo.apnx.com\/de\/privacy-policy\/#breadcrumb\",\"itemListElement\":[{\"@type\":\"ListItem\",\"position\":1,\"name\":\"Home\",\"item\":\"https:\/\/www.apnx.com\/de\/\"},{\"@type\":\"ListItem\",\"position\":2,\"name\":\"Privacy Policy\"}]},{\"@type\":\"WebSite\",\"@id\":\"https:\/\/demo.apnx.com\/de\/#website\",\"url\":\"https:\/\/demo.apnx.com\/de\/\",\"name\":\"APNX | Build Your Story\",\"description\":\"APNX | Build Your Story\",\"potentialAction\":[{\"@type\":\"SearchAction\",\"target\":{\"@type\":\"EntryPoint\",\"urlTemplate\":\"https:\/\/demo.apnx.com\/de\/?s={search_term_string}\"},\"query-input\":{\"@type\":\"PropertyValueSpecification\",\"valueRequired\":true,\"valueName\":\"search_term_string\"}}],\"inLanguage\":\"de\"}]}<\/script>\n<!-- \/ Yoast SEO plugin. -->","yoast_head_json":{"title":"Privacy Policy - APNX | Build Your Story","robots":{"index":"noindex","follow":"follow","max-snippet":"max-snippet:-1","max-image-preview":"max-image-preview:large","max-video-preview":"max-video-preview:-1"},"og_locale":"de_DE","og_type":"article","og_title":"Privacy Policy - APNX | Build Your Story","og_url":"https:\/\/demo.apnx.com\/de\/privacy-policy\/","og_site_name":"APNX | Build Your Story","article_modified_time":"2023-10-17T01:31:38+00:00","twitter_card":"summary_large_image","twitter_misc":{"Gesch\u00e4tzte Lesezeit":"5\u00a0Minuten"},"schema":{"@context":"https:\/\/schema.org","@graph":[{"@type":"WebPage","@id":"https:\/\/demo.apnx.com\/de\/privacy-policy\/","url":"https:\/\/demo.apnx.com\/de\/privacy-policy\/","name":"Privacy Policy - APNX | Build Your Story","isPartOf":{"@id":"https:\/\/demo.apnx.com\/de\/#website"},"datePublished":"2023-08-01T07:43:08+00:00","dateModified":"2023-10-17T01:31:38+00:00","breadcrumb":{"@id":"https:\/\/demo.apnx.com\/de\/privacy-policy\/#breadcrumb"},"inLanguage":"de","potentialAction":[{"@type":"ReadAction","target":["https:\/\/demo.apnx.com\/de\/privacy-policy\/"]}]},{"@type":"BreadcrumbList","@id":"https:\/\/demo.apnx.com\/de\/privacy-policy\/#breadcrumb","itemListElement":[{"@type":"ListItem","position":1,"name":"Home","item":"https:\/\/www.apnx.com\/de\/"},{"@type":"ListItem","position":2,"name":"Privacy Policy"}]},{"@type":"WebSite","@id":"https:\/\/demo.apnx.com\/de\/#website","url":"https:\/\/demo.apnx.com\/de\/","name":"APNX | Build Your Story","description":"APNX | Build Your Story","potentialAction":[{"@type":"SearchAction","target":{"@type":"EntryPoint","urlTemplate":"https:\/\/demo.apnx.com\/de\/?s={search_term_string}"},"query-input":{"@type":"PropertyValueSpecification","valueRequired":true,"valueName":"search_term_string"}}],"inLanguage":"de"}]}},"_links":{"self":[{"href":"https:\/\/demo.apnx.com\/de\/wp-json\/wp\/v2\/pages\/4203","targetHints":{"allow":["GET"]}}],"collection":[{"href":"https:\/\/demo.apnx.com\/de\/wp-json\/wp\/v2\/pages"}],"about":[{"href":"https:\/\/demo.apnx.com\/de\/wp-json\/wp\/v2\/types\/page"}],"author":[{"embeddable":true,"href":"https:\/\/demo.apnx.com\/de\/wp-json\/wp\/v2\/users\/1"}],"replies":[{"embeddable":true,"href":"https:\/\/demo.apnx.com\/de\/wp-json\/wp\/v2\/comments?post=4203"}],"version-history":[{"count":3,"href":"https:\/\/demo.apnx.com\/de\/wp-json\/wp\/v2\/pages\/4203\/revisions"}],"predecessor-version":[{"id":4207,"href":"https:\/\/demo.apnx.com\/de\/wp-json\/wp\/v2\/pages\/4203\/revisions\/4207"}],"wp:attachment":[{"href":"https:\/\/demo.apnx.com\/de\/wp-json\/wp\/v2\/media?parent=4203"}],"curies":[{"name":"wp","href":"https:\/\/api.w.org\/{rel}","templated":true}]}}