{"id":4209,"date":"2023-10-02T03:11:40","date_gmt":"2023-10-02T03:11:40","guid":{"rendered":"https:\/\/demo.apnx.com\/tech-support\/"},"modified":"2023-10-17T02:16:07","modified_gmt":"2023-10-17T02:16:07","slug":"tech-support","status":"publish","type":"page","link":"https:\/\/demo.apnx.com\/de\/tech-support\/","title":{"rendered":"Technischer Kundendienst"},"content":{"rendered":"<section class=\"l-section wpb_row height_auto with_img\"><div class=\"l-section-img\" role=\"img\" data-img-width=\"1920\" data-img-height=\"700\" style=\"background-image: url(https:\/\/demo.apnx.com\/wp-content\/uploads\/2023\/09\/support-BG-001.jpg);background-repeat: no-repeat;\"><\/div><div class=\"l-section-h i-cf\"><div class=\"g-cols vc_row via_flex valign_top type_default stacking_default\"><div class=\"vc_col-sm-12 wpb_column vc_column_container\"><div class=\"vc_column-inner\"><div class=\"wpb_wrapper\"><div class=\"w-separator size_custom\" style=\"height:10rem\" id=\"k354\"><style>@media(max-width:1024px){ #k354{height:6rem!important}}@media(max-width:600px){ #k354{height:10px!important}}<\/style><\/div><div class=\"g-cols wpb_row via_flex valign_top type_default stacking_default\"><div class=\"vc_col-sm-6 wpb_column vc_column_container\"><div class=\"vc_column-inner\"><div class=\"wpb_wrapper\">[vc_custom_heading text=&#8220;Technischer Kundendienst&#8220; font_container=&#8220;tag:div|text_align:left&#8220; css=&#8220;%7B%22default%22%3A%7B%22color%22%3A%22%23f5f5f5%22%2C%22font-size%22%3A%222.2rem%22%2C%22font-family%22%3A%22body%22%2C%22font-weight%22%3A%22400%22%7D%2C%22laptops%22%3A%7B%22color%22%3A%22%23f5f5f5%22%2C%22font-size%22%3A%221.8rem%22%2C%22font-family%22%3A%22body%22%2C%22font-weight%22%3A%22400%22%7D%2C%22tablets%22%3A%7B%22color%22%3A%22%23f5f5f5%22%2C%22font-size%22%3A%221.8rem%22%2C%22font-family%22%3A%22body%22%2C%22font-weight%22%3A%22400%22%7D%2C%22mobiles%22%3A%7B%22color%22%3A%22%23f5f5f5%22%2C%22font-size%22%3A%221.2rem%22%2C%22font-family%22%3A%22body%22%2C%22font-weight%22%3A%22400%22%7D%7D&#8220;]<\/div><\/div><\/div><div class=\"vc_col-sm-6 wpb_column vc_column_container\"><div class=\"vc_column-inner\"><div class=\"wpb_wrapper\"><\/div><\/div><\/div><\/div><div class=\"w-separator size_custom\" style=\"height:8rem\" id=\"da4d\"><style>@media(max-width:1024px){ #da4d{height:3rem!important}}@media(max-width:600px){ #da4d{height:5px!important}}<\/style><\/div><\/div><\/div><\/div><\/div><\/div><\/section><section class=\"l-section wpb_row height_small\"><div class=\"l-section-h i-cf\"><div class=\"g-cols vc_row via_flex valign_top type_default stacking_default\"><div class=\"vc_col-sm-12 wpb_column vc_column_container\"><div class=\"vc_column-inner\"><div class=\"wpb_wrapper\"><div class=\"g-cols wpb_row via_flex valign_top type_default stacking_default\"><div class=\"vc_col-sm-2 wpb_column vc_column_container\"><div class=\"vc_column-inner\"><div class=\"wpb_wrapper\"><\/div><\/div><\/div><div class=\"vc_col-sm-8 wpb_column vc_column_container\"><div class=\"vc_column-inner\"><div class=\"wpb_wrapper\"><div class=\"wpb_text_column\"><div class=\"wpb_wrapper\"><p>Bitte f\u00fcllen Sie das nachstehende Formular mit allen Fragen aus, die Sie m\u00f6glicherweise in Bezug auf unsere Produkte haben. Wir werden Ihnen so schnell wie m\u00f6glich antworten.<\/p>\n<\/div><\/div><\/div><\/div><\/div><div class=\"vc_col-sm-2 wpb_column vc_column_container\"><div class=\"vc_column-inner\"><div class=\"wpb_wrapper\"><\/div><\/div><\/div><\/div><\/div><\/div><\/div><\/div><\/div><\/section><section class=\"l-section wpb_row us_custom_e4eb24e1 height_medium\"><div class=\"l-section-h i-cf\"><div class=\"g-cols vc_row via_flex valign_top type_default stacking_default\"><div class=\"vc_col-sm-12 wpb_column vc_column_container\"><div class=\"vc_column-inner\"><div class=\"wpb_wrapper\"><div class=\"g-cols wpb_row via_flex valign_top type_default stacking_default\"><div class=\"vc_col-sm-3 wpb_column vc_column_container\"><div class=\"vc_column-inner\"><div class=\"wpb_wrapper\"><\/div><\/div><\/div><div class=\"vc_col-sm-6 wpb_column vc_column_container\"><div class=\"vc_column-inner\"><div class=\"wpb_wrapper\">\n<div class=\"wpcf7 no-js\" id=\"wpcf7-f4208-o1\" lang=\"de-DE\" dir=\"ltr\">\n<div class=\"screen-reader-response\"><p role=\"status\" aria-live=\"polite\" aria-atomic=\"true\"><\/p> <ul><\/ul><\/div>\n<form action=\"\/de\/wp-json\/wp\/v2\/pages\/4209#wpcf7-f4208-o1\" method=\"post\" class=\"wpcf7-form init\" aria-label=\"Kontaktformular\" novalidate=\"novalidate\" data-status=\"init\">\n<div style=\"display: none;\">\n<input type=\"hidden\" name=\"_wpcf7\" value=\"4208\" \/>\n<input type=\"hidden\" name=\"_wpcf7_version\" value=\"5.9.8\" \/>\n<input type=\"hidden\" name=\"_wpcf7_locale\" value=\"de_DE\" \/>\n<input type=\"hidden\" name=\"_wpcf7_unit_tag\" value=\"wpcf7-f4208-o1\" \/>\n<input type=\"hidden\" name=\"_wpcf7_container_post\" value=\"0\" \/>\n<input type=\"hidden\" name=\"_wpcf7_posted_data_hash\" value=\"\" \/>\n<input type=\"hidden\" name=\"_wpcf7_recaptcha_response\" value=\"\" \/>\n<\/div>\n<p><label>Produkttyp*<br \/>\n<span class=\"wpcf7-form-control-wrap\" data-name=\"Product\"><select class=\"wpcf7-form-control wpcf7-select wpcf7-validates-as-required\" aria-required=\"true\" aria-invalid=\"false\" name=\"Product\"><option value=\"W\u00e4hlen\">W\u00e4hlen<\/option><option value=\"Chassis\">Chassis<\/option><option value=\"K\u00fchlung\">K\u00fchlung<\/option><option value=\"Zubeh\u00f6r\">Zubeh\u00f6r<\/option><option value=\"Sonstiges\">Sonstiges<\/option><\/select><\/span><br \/>\n<\/label>\n<\/p>\n<p><label>Modell<br \/>\n<span class=\"wpcf7-form-control-wrap\" data-name=\"Model\"><input size=\"40\" maxlength=\"400\" class=\"wpcf7-form-control wpcf7-text\" aria-invalid=\"false\" placeholder=\"Modellbezeichnung\" value=\"\" type=\"text\" name=\"Model\" \/><\/span><\/label>\n<\/p>\n<p><label> Name *<br \/>\n<span class=\"wpcf7-form-control-wrap\" data-name=\"your-name\"><input size=\"40\" maxlength=\"400\" class=\"wpcf7-form-control wpcf7-text wpcf7-validates-as-required\" aria-required=\"true\" aria-invalid=\"false\" placeholder=\"Ihr Name *\" value=\"\" type=\"text\" name=\"your-name\" \/><\/span> <\/label>\n<\/p>\n<p><label> E-Mail *<br \/>\n<span class=\"wpcf7-form-control-wrap\" data-name=\"your-email\"><input size=\"40\" maxlength=\"400\" class=\"wpcf7-form-control wpcf7-email wpcf7-validates-as-required wpcf7-text wpcf7-validates-as-email\" aria-required=\"true\" aria-invalid=\"false\" placeholder=\"E-Mail *\" value=\"\" type=\"email\" name=\"your-email\" \/><\/span> <\/label>\n<\/p>\n<p><label> Land *<br \/>\n[select* Country placeholder \"W\u00e4hlen\" \"Afghanistan\" \"Albania\" \"Algeria\" \"Andorra\" \"Angola\" \"Antigua and Barbuda\" \"Argentina\" \"Armenia\" \"Aruba\" \"Australia\" \"Austria\" \"Azerbaijan\" \"Bahamas, The\" \"Bahrain\" \"Bangladesh\" \"Barbados\" \"Belarus\" \"Belgium\" \"Belize\" \"Benin\" \"Bhutan\" \"Bolivia\" \"Bosnia and Herzegovina\" \"Botswana\" \"Brazil\" \"Brunei\" \"Bulgaria\" \"Burkina Faso\" \"Burma\" \"Burundi\" \"Cambodia\" \"Cameroon\" \"Canada\" \"Cabo Verde\" \"Central African Republic\" \"Chad\" \"Chile\" \"China\" \"Colombia\" \"Comoros\" \"Congo, Democratic Republic of the\" \"Congo, Republic of the\" \"Costa Rica\" \"Cote d\" ivoire=\"\" \"Croatia\" \"Cuba\" \"Curacao\" \"Cyprus\" \"Czechia\" \"Denmark\" \"Djibouti\" \"Dominica\" \"Dominican Republic\" \"East Timor (see Timor-Leste)\" \"Ecuador\" \"Egypt\" \"El Salvador\" \"Equatorial Guinea\" \"Eritrea\" \"Estonia\" \"Ethiopia\" \"Fiji\" \"Finland\" \"France\" \"Gabon\" \"Gambia, The\" \"Georgia\" \"Germany\" \"Ghana\" \"Greece\" \"Grenada\" \"Guatemala\" \"Guinea\" \"Guinea-Bissau\" \"Guyana\" \"Haiti\" \"Holy See\" \"Honduras\" \"Hong Kong\" \"Hungary\" \"Iceland\" \"India\" \"Indonesia\" \"Iran\" \"Iraq\" \"Ireland\" \"Israel\" \"Italy\" \"Jamaica\" \"Japan\" \"Jordan\" \"Kazakhstan\" \"Kenya\" \"Kiribati\" \"Korea, North\" \"Korea, South\" \"Kosovo\" \"Kuwait\" \"Kyrgyzstan\" \"Laos\" \"Latvia\" \"Lebanon\" \"Lesotho\" \"Liberia\" \"Libya\" \"Liechtenstein\" \"Lithuania\" \"Luxembourg\" \"Macau\" \"Macedonia\" \"Madagascar\" \"Malawi\" \"Malaysia\" \"Maldives\" \"Mali\" \"Malta\" \"Marshall Islands\" \"Mauritania\" \"Mauritius\" \"Mexico\" \"Micronesia\" \"Moldova\" \"Monaco\" \"Mongolia\" \"Montenegro\" \"Morocco\" \"Mozambique\" \"Namibia\" \"Nauru\" \"Nepal\" \"Netherlands\" \"New Zealand\" \"Nicaragua\" \"Niger\" \"Nigeria\" \"North Korea\" \"Norway\" \"Oman\" \"Pakistan\" \"Palau\" \"Palestinian Territories\" \"Panama\" \"Papua New Guinea\" \"Paraguay\" \"Peru\" \"Philippines\" \"Poland\" \"Portugal\" \"Qatar\" \"Romania\" \"Russia\" \"Rwanda\" \"Saint Kitts and Nevis\" \"Saint Lucia\" \"Saint Vincent and the Grenadines\" \"Samoa\" \"San Marino\" \"Sao Tome and Principe\" \"Saudi Arabia\" \"Senegal\" \"Serbia\" \"Seychelles\" \"Sierra Leone\" \"Singapore\" \"Sint Maarten\" \"Slovakia\" \"Slovenia\" \"Solomon Islands\" \"Somalia\" \"South Africa\" \"South Korea\" \"South Sudan\" \"Spain\" \"Sri Lanka\" \"Sudan\" \"Suriname\" \"Swaziland\" \"Sweden\" \"Switzerland\" \"Syria\" \"Taiwan\" \"Tajikistan\" \"Tanzania\" \"Thailand\" \"Timor-Leste\" \"Togo\" \"Tonga\" \"Trinidad and Tobago\" \"Tunisia\" \"Turkey\" \"Turkmenistan\" \"Tuvalu\" \"Uganda\" \"Ukraine\" \"United States\" \"United Arab Emirates\" \"United Kingdom\" \"Uruguay\" \"Uzbekistan\" \"Vanuatu\" \"Venezuela\" \"Vietnam\" \"Yemen\" \"Zambia\" \"Zimbabwe\"]<br \/>\n<\/label>\n<\/p>\n<p><label> W\u00e4hlen *<br \/>\n<span class=\"wpcf7-form-control-wrap\" data-name=\"your-subject\"><input size=\"40\" maxlength=\"400\" class=\"wpcf7-form-control wpcf7-text wpcf7-validates-as-required\" aria-required=\"true\" aria-invalid=\"false\" placeholder=\"W\u00e4hlen\" value=\"\" type=\"text\" name=\"your-subject\" \/><\/span> <\/label>\n<\/p>\n<p><label> Nachricht<br \/>\n<span class=\"wpcf7-form-control-wrap\" data-name=\"your-message\"><textarea cols=\"40\" rows=\"10\" maxlength=\"2000\" class=\"wpcf7-form-control wpcf7-textarea\" aria-invalid=\"false\" placeholder=\"Bitte geben Sie so viele Details wie m\u00f6glich in Ihrer Nachricht an\" name=\"your-message\"><\/textarea><\/span> <\/label>\n<\/p>\n<p><input class=\"wpcf7-form-control wpcf7-submit has-spinner\" type=\"submit\" value=\"Senden\" \/>\n<\/p><div class=\"wpcf7-response-output\" aria-hidden=\"true\"><\/div>\n<\/form>\n<\/div>\n<\/div><\/div><\/div><div class=\"vc_col-sm-3 wpb_column vc_column_container\"><div class=\"vc_column-inner\"><div class=\"wpb_wrapper\"><\/div><\/div><\/div><\/div><\/div><\/div><\/div><\/div><\/div><\/section>\n","protected":false},"excerpt":{"rendered":"[vc_custom_heading text=\"Technischer Kundendienst\" font_container=\"tag:div|text_align:left\" css=\"%7B%22default%22%3A%7B%22color%22%3A%22%23f5f5f5%22%2C%22font-size%22%3A%222.2rem%22%2C%22font-family%22%3A%22body%22%2C%22font-weight%22%3A%22400%22%7D%2C%22laptops%22%3A%7B%22color%22%3A%22%23f5f5f5%22%2C%22font-size%22%3A%221.8rem%22%2C%22font-family%22%3A%22body%22%2C%22font-weight%22%3A%22400%22%7D%2C%22tablets%22%3A%7B%22color%22%3A%22%23f5f5f5%22%2C%22font-size%22%3A%221.8rem%22%2C%22font-family%22%3A%22body%22%2C%22font-weight%22%3A%22400%22%7D%2C%22mobiles%22%3A%7B%22color%22%3A%22%23f5f5f5%22%2C%22font-size%22%3A%221.2rem%22%2C%22font-family%22%3A%22body%22%2C%22font-weight%22%3A%22400%22%7D%7D\"]Bitte f\u00fcllen Sie das nachstehende Formular mit allen Fragen aus, die Sie m\u00f6glicherweise in Bezug auf unsere Produkte haben. Wir werden Ihnen so schnell wie m\u00f6glich antworten. Produkttyp* W\u00e4hlenChassisK\u00fchlungZubeh\u00f6rSonstiges Modell Name * E-Mail * Land * [select* Country placeholder \"W\u00e4hlen\" \"Afghanistan\" \"Albania\" \"Algeria\" \"Andorra\" \"Angola\" \"Antigua and Barbuda\" \"Argentina\" \"Armenia\" \"Aruba\"...","protected":false},"author":4,"featured_media":0,"parent":0,"menu_order":0,"comment_status":"closed","ping_status":"closed","template":"","meta":{"footnotes":""},"class_list":["post-4209","page","type-page","status-publish","hentry"],"yoast_head":"<!-- This site is optimized with the Yoast SEO plugin v23.8 - https:\/\/yoast.com\/wordpress\/plugins\/seo\/ -->\n<title>Technischer Kundendienst - APNX | Build Your Story<\/title>\n<meta name=\"robots\" content=\"noindex, follow, max-snippet:-1, max-image-preview:large, max-video-preview:-1\" \/>\n<meta property=\"og:locale\" content=\"de_DE\" \/>\n<meta property=\"og:type\" content=\"article\" \/>\n<meta property=\"og:title\" content=\"Technischer Kundendienst - APNX | Build Your Story\" \/>\n<meta property=\"og:url\" content=\"https:\/\/demo.apnx.com\/de\/tech-support\/\" \/>\n<meta property=\"og:site_name\" content=\"APNX | Build Your Story\" \/>\n<meta property=\"article:modified_time\" content=\"2023-10-17T02:16:07+00:00\" \/>\n<meta name=\"twitter:card\" content=\"summary_large_image\" \/>\n<meta name=\"twitter:label1\" content=\"Gesch\u00e4tzte Lesezeit\" \/>\n\t<meta name=\"twitter:data1\" content=\"1\u00a0Minute\" \/>\n<script type=\"application\/ld+json\" class=\"yoast-schema-graph\">{\"@context\":\"https:\/\/schema.org\",\"@graph\":[{\"@type\":\"WebPage\",\"@id\":\"https:\/\/demo.apnx.com\/de\/tech-support\/\",\"url\":\"https:\/\/demo.apnx.com\/de\/tech-support\/\",\"name\":\"Technischer Kundendienst - APNX | Build Your Story\",\"isPartOf\":{\"@id\":\"https:\/\/demo.apnx.com\/de\/#website\"},\"datePublished\":\"2023-10-02T03:11:40+00:00\",\"dateModified\":\"2023-10-17T02:16:07+00:00\",\"breadcrumb\":{\"@id\":\"https:\/\/demo.apnx.com\/de\/tech-support\/#breadcrumb\"},\"inLanguage\":\"de\",\"potentialAction\":[{\"@type\":\"ReadAction\",\"target\":[\"https:\/\/demo.apnx.com\/de\/tech-support\/\"]}]},{\"@type\":\"BreadcrumbList\",\"@id\":\"https:\/\/demo.apnx.com\/de\/tech-support\/#breadcrumb\",\"itemListElement\":[{\"@type\":\"ListItem\",\"position\":1,\"name\":\"Home\",\"item\":\"https:\/\/www.apnx.com\/de\/\"},{\"@type\":\"ListItem\",\"position\":2,\"name\":\"Technischer Kundendienst\"}]},{\"@type\":\"WebSite\",\"@id\":\"https:\/\/demo.apnx.com\/de\/#website\",\"url\":\"https:\/\/demo.apnx.com\/de\/\",\"name\":\"APNX | Build Your Story\",\"description\":\"APNX | Build Your Story\",\"potentialAction\":[{\"@type\":\"SearchAction\",\"target\":{\"@type\":\"EntryPoint\",\"urlTemplate\":\"https:\/\/demo.apnx.com\/de\/?s={search_term_string}\"},\"query-input\":{\"@type\":\"PropertyValueSpecification\",\"valueRequired\":true,\"valueName\":\"search_term_string\"}}],\"inLanguage\":\"de\"}]}<\/script>\n<!-- \/ Yoast SEO plugin. -->","yoast_head_json":{"title":"Technischer Kundendienst - APNX | Build Your Story","robots":{"index":"noindex","follow":"follow","max-snippet":"max-snippet:-1","max-image-preview":"max-image-preview:large","max-video-preview":"max-video-preview:-1"},"og_locale":"de_DE","og_type":"article","og_title":"Technischer Kundendienst - APNX | Build Your Story","og_url":"https:\/\/demo.apnx.com\/de\/tech-support\/","og_site_name":"APNX | Build Your Story","article_modified_time":"2023-10-17T02:16:07+00:00","twitter_card":"summary_large_image","twitter_misc":{"Gesch\u00e4tzte Lesezeit":"1\u00a0Minute"},"schema":{"@context":"https:\/\/schema.org","@graph":[{"@type":"WebPage","@id":"https:\/\/demo.apnx.com\/de\/tech-support\/","url":"https:\/\/demo.apnx.com\/de\/tech-support\/","name":"Technischer Kundendienst - APNX | Build Your Story","isPartOf":{"@id":"https:\/\/demo.apnx.com\/de\/#website"},"datePublished":"2023-10-02T03:11:40+00:00","dateModified":"2023-10-17T02:16:07+00:00","breadcrumb":{"@id":"https:\/\/demo.apnx.com\/de\/tech-support\/#breadcrumb"},"inLanguage":"de","potentialAction":[{"@type":"ReadAction","target":["https:\/\/demo.apnx.com\/de\/tech-support\/"]}]},{"@type":"BreadcrumbList","@id":"https:\/\/demo.apnx.com\/de\/tech-support\/#breadcrumb","itemListElement":[{"@type":"ListItem","position":1,"name":"Home","item":"https:\/\/www.apnx.com\/de\/"},{"@type":"ListItem","position":2,"name":"Technischer Kundendienst"}]},{"@type":"WebSite","@id":"https:\/\/demo.apnx.com\/de\/#website","url":"https:\/\/demo.apnx.com\/de\/","name":"APNX | Build Your Story","description":"APNX | Build Your Story","potentialAction":[{"@type":"SearchAction","target":{"@type":"EntryPoint","urlTemplate":"https:\/\/demo.apnx.com\/de\/?s={search_term_string}"},"query-input":{"@type":"PropertyValueSpecification","valueRequired":true,"valueName":"search_term_string"}}],"inLanguage":"de"}]}},"_links":{"self":[{"href":"https:\/\/demo.apnx.com\/de\/wp-json\/wp\/v2\/pages\/4209","targetHints":{"allow":["GET"]}}],"collection":[{"href":"https:\/\/demo.apnx.com\/de\/wp-json\/wp\/v2\/pages"}],"about":[{"href":"https:\/\/demo.apnx.com\/de\/wp-json\/wp\/v2\/types\/page"}],"author":[{"embeddable":true,"href":"https:\/\/demo.apnx.com\/de\/wp-json\/wp\/v2\/users\/4"}],"replies":[{"embeddable":true,"href":"https:\/\/demo.apnx.com\/de\/wp-json\/wp\/v2\/comments?post=4209"}],"version-history":[{"count":4,"href":"https:\/\/demo.apnx.com\/de\/wp-json\/wp\/v2\/pages\/4209\/revisions"}],"predecessor-version":[{"id":4214,"href":"https:\/\/demo.apnx.com\/de\/wp-json\/wp\/v2\/pages\/4209\/revisions\/4214"}],"wp:attachment":[{"href":"https:\/\/demo.apnx.com\/de\/wp-json\/wp\/v2\/media?parent=4209"}],"curies":[{"name":"wp","href":"https:\/\/api.w.org\/{rel}","templated":true}]}}