{"id":4221,"date":"2023-09-22T10:09:04","date_gmt":"2023-09-22T10:09:04","guid":{"rendered":"https:\/\/demo.apnx.com\/marketing-inquiries\/"},"modified":"2023-10-17T02:25:58","modified_gmt":"2023-10-17T02:25:58","slug":"marketing-inquiries","status":"publish","type":"page","link":"https:\/\/demo.apnx.com\/de\/marketing-inquiries\/","title":{"rendered":"Marketing-Anfragen"},"content":{"rendered":"<section class=\"l-section wpb_row hide_on_default hide_on_laptops hide_on_tablets height_auto width_full\"><div class=\"l-section-h i-cf\"><div class=\"g-cols vc_row via_flex valign_top type_default stacking_default\"><div class=\"vc_col-sm-12 wpb_column vc_column_container\"><div class=\"vc_column-inner\"><div class=\"wpb_wrapper\"><div class=\"w-image has_ratio align_none\"><div class=\"w-image-h\"><div style=\"padding-bottom:75%\"><\/div><img decoding=\"async\" width=\"1920\" height=\"800\" src=\"https:\/\/demo.apnx.com\/wp-content\/uploads\/2023\/10\/Marketing-Inquiries-banner_1.jpg\" class=\"attachment-full size-full\" alt=\"\" loading=\"lazy\" \/><\/div><\/div><\/div><\/div><\/div><\/div><\/div><\/section><section class=\"l-section wpb_row height_auto\"><div class=\"l-section-h i-cf\"><div class=\"g-cols vc_row via_flex valign_top type_default stacking_default\"><div class=\"vc_col-sm-12 wpb_column vc_column_container\"><div class=\"vc_column-inner\"><div class=\"wpb_wrapper\"><div class=\"w-separator size_custom\" style=\"height:14rem\" id=\"mdd6\"><style>@media(max-width:600px){ #mdd6{height:10px!important}}<\/style><\/div><div class=\"g-cols wpb_row via_flex valign_top type_default stacking_default\"><div class=\"vc_col-sm-12 wpb_column vc_column_container\"><div class=\"vc_column-inner\"><div class=\"wpb_wrapper\">[vc_custom_heading text=&#8220;Marketing-Anfragen&#8220; font_container=&#8220;tag:div|text_align:left&#8220; css=&#8220;%7B%22default%22%3A%7B%22color%22%3A%22%23f5f5f5%22%2C%22font-size%22%3A%222.2rem%22%2C%22font-family%22%3A%22body%22%2C%22font-weight%22%3A%22400%22%7D%2C%22laptops%22%3A%7B%22color%22%3A%22%23f5f5f5%22%2C%22font-size%22%3A%221.8rem%22%2C%22font-family%22%3A%22body%22%2C%22font-weight%22%3A%22400%22%7D%2C%22tablets%22%3A%7B%22color%22%3A%22%23f5f5f5%22%2C%22font-size%22%3A%221.8rem%22%2C%22font-family%22%3A%22body%22%2C%22font-weight%22%3A%22400%22%7D%2C%22mobiles%22%3A%7B%22color%22%3A%22%231a1a1a%22%2C%22text-align%22%3A%22center%22%2C%22font-size%22%3A%221.5rem%22%2C%22font-family%22%3A%22body%22%2C%22font-weight%22%3A%22400%22%7D%7D&#8220;]<\/div><\/div><\/div><\/div><div class=\"w-separator size_custom\" style=\"height:4rem\" id=\"v37b\"><style>@media(max-width:600px){ #v37b{height:10px!important}}<\/style><\/div><\/div><\/div><\/div><\/div><\/div><\/section><!-- Row Backgrounds --><div class=\"upb_bg_img\" data-ultimate-bg=\"url(https:\/\/demo.apnx.com\/wp-content\/uploads\/2023\/10\/Marketing-Inquiries-banner_1.jpg)\" data-image-id=\"id^3106|url^https:\/\/demo.apnx.com\/wp-content\/uploads\/2023\/10\/Marketing-Inquiries-banner_1.jpg|caption^null|alt^null|title^Marketing-Inquiries-banner_1|description^null\" data-ultimate-bg-style=\"vcpb-default\" data-bg-img-repeat=\"no-repeat\" data-bg-img-size=\"cover\" data-bg-img-position=\"50% 40%\" data-parallx_sense=\"30\" data-bg-override=\"0\" data-bg_img_attach=\"scroll\" data-upb-overlay-color=\"\" data-upb-bg-animation=\"\" data-fadeout=\"fadeout_row_value\" data-bg-animation=\"left-animation\" data-bg-animation-type=\"h\" data-animation-repeat=\"repeat\" data-fadeout-percentage=\"40\" data-parallax-content=\"parallax_content_value\" data-parallax-content-sense=\"40\" data-row-effect-mobile-disable=\"true\" data-img-parallax-mobile-disable=\"true\" data-rtl=\"false\"  data-custom-vc-row=\"\"  data-vc=\"8.0\"  data-is_old_vc=\"\"  data-theme-support=\"\"   data-overlay=\"false\" data-overlay-color=\"\" data-overlay-pattern=\"\" data-overlay-pattern-opacity=\"\" data-overlay-pattern-size=\"\"    ><\/div><section class=\"l-section wpb_row height_small\"><div class=\"l-section-h i-cf\"><div class=\"g-cols vc_row via_flex valign_top type_default stacking_default\"><div class=\"vc_col-sm-12 wpb_column vc_column_container\"><div class=\"vc_column-inner\"><div class=\"wpb_wrapper\"><div class=\"g-cols wpb_row via_flex valign_top type_default stacking_default\"><div class=\"vc_col-sm-2 wpb_column vc_column_container\"><div class=\"vc_column-inner\"><div class=\"wpb_wrapper\"><\/div><\/div><\/div><div class=\"vc_col-sm-8 wpb_column vc_column_container\"><div class=\"vc_column-inner\"><div class=\"wpb_wrapper\"><div class=\"wpb_text_column\"><div class=\"wpb_wrapper\"><p>F\u00fcr Gesch\u00e4ftsanfragen f\u00fcllen Sie bitte das nachstehende Formular aus. Wir werden uns so bald wie m\u00f6glich bei Ihnen melden.<\/p>\n<\/div><\/div><\/div><\/div><\/div><div class=\"vc_col-sm-2 wpb_column vc_column_container\"><div class=\"vc_column-inner\"><div class=\"wpb_wrapper\"><\/div><\/div><\/div><\/div><\/div><\/div><\/div><\/div><\/div><\/section><section class=\"l-section wpb_row us_custom_e4eb24e1 height_medium\"><div class=\"l-section-h i-cf\"><div class=\"g-cols vc_row via_flex valign_top type_default stacking_default\"><div class=\"vc_col-sm-12 wpb_column vc_column_container\"><div class=\"vc_column-inner\"><div class=\"wpb_wrapper\"><div class=\"g-cols wpb_row via_flex valign_top type_default stacking_default\"><div class=\"vc_col-sm-2 wpb_column vc_column_container\"><div class=\"vc_column-inner\"><div class=\"wpb_wrapper\"><\/div><\/div><\/div><div class=\"vc_col-sm-8 wpb_column vc_column_container\"><div class=\"vc_column-inner\"><div class=\"wpb_wrapper\">\n<div class=\"wpcf7 no-js\" id=\"wpcf7-f4220-o1\" lang=\"de-DE\" dir=\"ltr\">\n<div class=\"screen-reader-response\"><p role=\"status\" aria-live=\"polite\" aria-atomic=\"true\"><\/p> <ul><\/ul><\/div>\n<form action=\"\/de\/wp-json\/wp\/v2\/pages\/4221#wpcf7-f4220-o1\" method=\"post\" class=\"wpcf7-form init\" aria-label=\"Kontaktformular\" novalidate=\"novalidate\" data-status=\"init\">\n<div style=\"display: none;\">\n<input type=\"hidden\" name=\"_wpcf7\" value=\"4220\" \/>\n<input type=\"hidden\" name=\"_wpcf7_version\" value=\"5.9.8\" \/>\n<input type=\"hidden\" name=\"_wpcf7_locale\" value=\"de_DE\" \/>\n<input type=\"hidden\" name=\"_wpcf7_unit_tag\" value=\"wpcf7-f4220-o1\" \/>\n<input type=\"hidden\" name=\"_wpcf7_container_post\" value=\"0\" \/>\n<input type=\"hidden\" name=\"_wpcf7_posted_data_hash\" value=\"\" \/>\n<input type=\"hidden\" name=\"_wpcf7_recaptcha_response\" value=\"\" \/>\n<\/div>\n<p><label> Name *<br \/>\n<span class=\"wpcf7-form-control-wrap\" data-name=\"your-name\"><input size=\"40\" maxlength=\"400\" class=\"wpcf7-form-control wpcf7-text wpcf7-validates-as-required\" aria-required=\"true\" aria-invalid=\"false\" placeholder=\"Ihr Name *\" value=\"\" type=\"text\" name=\"your-name\" \/><\/span> <\/label>\n<\/p>\n<p><label> E-Mail *<br \/>\n<span class=\"wpcf7-form-control-wrap\" data-name=\"your-email\"><input size=\"40\" maxlength=\"400\" class=\"wpcf7-form-control wpcf7-email wpcf7-validates-as-required wpcf7-text wpcf7-validates-as-email\" aria-required=\"true\" aria-invalid=\"false\" placeholder=\"E-Mail *\" value=\"\" type=\"email\" name=\"your-email\" \/><\/span> <\/label>\n<\/p>\n<p><label> Land *<br \/>\n[select* Country placeholder \"Select\" \"Afghanistan\" \"Albania\" \"Algeria\" \"Andorra\" \"Angola\" \"Antigua and Barbuda\" \"Argentina\" \"Armenia\" \"Aruba\" \"Australia\" \"Austria\" \"Azerbaijan\" \"Bahamas, The\" \"Bahrain\" \"Bangladesh\" \"Barbados\" \"Belarus\" \"Belgium\" \"Belize\" \"Benin\" \"Bhutan\" \"Bolivia\" \"Bosnia and Herzegovina\" \"Botswana\" \"Brazil\" \"Brunei\" \"Bulgaria\" \"Burkina Faso\" \"Burma\" \"Burundi\" \"Cambodia\" \"Cameroon\" \"Canada\" \"Cabo Verde\" \"Central African Republic\" \"Chad\" \"Chile\" \"China\" \"Colombia\" \"Comoros\" \"Congo, Democratic Republic of the\" \"Congo, Republic of the\" \"Costa Rica\" \"Cote d\" ivoire=\"\" \"Croatia\" \"Cuba\" \"Curacao\" \"Cyprus\" \"Czechia\" \"Denmark\" \"Djibouti\" \"Dominica\" \"Dominican Republic\" \"East Timor (see Timor-Leste)\" \"Ecuador\" \"Egypt\" \"El Salvador\" \"Equatorial Guinea\" \"Eritrea\" \"Estonia\" \"Ethiopia\" \"Fiji\" \"Finland\" \"France\" \"Gabon\" \"Gambia, The\" \"Georgia\" \"Germany\" \"Ghana\" \"Greece\" \"Grenada\" \"Guatemala\" \"Guinea\" \"Guinea-Bissau\" \"Guyana\" \"Haiti\" \"Holy See\" \"Honduras\" \"Hong Kong\" \"Hungary\" \"Iceland\" \"India\" \"Indonesia\" \"Iran\" \"Iraq\" \"Ireland\" \"Israel\" \"Italy\" \"Jamaica\" \"Japan\" \"Jordan\" \"Kazakhstan\" \"Kenya\" \"Kiribati\" \"Korea, North\" \"Korea, South\" \"Kosovo\" \"Kuwait\" \"Kyrgyzstan\" \"Laos\" \"Latvia\" \"Lebanon\" \"Lesotho\" \"Liberia\" \"Libya\" \"Liechtenstein\" \"Lithuania\" \"Luxembourg\" \"Macau\" \"Macedonia\" \"Madagascar\" \"Malawi\" \"Malaysia\" \"Maldives\" \"Mali\" \"Malta\" \"Marshall Islands\" \"Mauritania\" \"Mauritius\" \"Mexico\" \"Micronesia\" \"Moldova\" \"Monaco\" \"Mongolia\" \"Montenegro\" \"Morocco\" \"Mozambique\" \"Namibia\" \"Nauru\" \"Nepal\" \"Netherlands\" \"New Zealand\" \"Nicaragua\" \"Niger\" \"Nigeria\" \"North Korea\" \"Norway\" \"Oman\" \"Pakistan\" \"Palau\" \"Palestinian Territories\" \"Panama\" \"Papua New Guinea\" \"Paraguay\" \"Peru\" \"Philippines\" \"Poland\" \"Portugal\" \"Qatar\" \"Romania\" \"Russia\" \"Rwanda\" \"Saint Kitts and Nevis\" \"Saint Lucia\" \"Saint Vincent and the Grenadines\" \"Samoa\" \"San Marino\" \"Sao Tome and Principe\" \"Saudi Arabia\" \"Senegal\" \"Serbia\" \"Seychelles\" \"Sierra Leone\" \"Singapore\" \"Sint Maarten\" \"Slovakia\" \"Slovenia\" \"Solomon Islands\" \"Somalia\" \"South Africa\" \"South Korea\" \"South Sudan\" \"Spain\" \"Sri Lanka\" \"Sudan\" \"Suriname\" \"Swaziland\" \"Sweden\" \"Switzerland\" \"Syria\" \"Taiwan\" \"Tajikistan\" \"Tanzania\" \"Thailand\" \"Timor-Leste\" \"Togo\" \"Tonga\" \"Trinidad and Tobago\" \"Tunisia\" \"Turkey\" \"Turkmenistan\" \"Tuvalu\" \"Uganda\" \"Ukraine\" \"United States\" \"United Arab Emirates\" \"United Kingdom\" \"Uruguay\" \"Uzbekistan\" \"Vanuatu\" \"Venezuela\" \"Vietnam\" \"Yemen\" \"Zambia\" \"Zimbabwe\"]<br \/>\n<\/label>\n<\/p>\n<p><label> W\u00e4hlen *<br \/>\n<span class=\"wpcf7-form-control-wrap\" data-name=\"your-subject\"><input size=\"40\" maxlength=\"400\" class=\"wpcf7-form-control wpcf7-text wpcf7-validates-as-required\" aria-required=\"true\" aria-invalid=\"false\" placeholder=\"W\u00e4hlen\" value=\"\" type=\"text\" name=\"your-subject\" \/><\/span> <\/label>\n<\/p>\n<p><label> Nachricht<br \/>\n<span class=\"wpcf7-form-control-wrap\" data-name=\"your-message\"><textarea cols=\"40\" rows=\"10\" maxlength=\"2000\" class=\"wpcf7-form-control wpcf7-textarea\" aria-invalid=\"false\" placeholder=\"Bitte geben Sie so viele Details wie m\u00f6glich in Ihrer Nachricht an\" name=\"your-message\"><\/textarea><\/span> <\/label>\n<\/p>\n<p><input class=\"wpcf7-form-control wpcf7-submit has-spinner\" type=\"submit\" value=\"Senden\" \/>\n<\/p><div class=\"wpcf7-response-output\" aria-hidden=\"true\"><\/div>\n<\/form>\n<\/div>\n<\/div><\/div><\/div><div class=\"vc_col-sm-2 wpb_column vc_column_container\"><div class=\"vc_column-inner\"><div class=\"wpb_wrapper\"><\/div><\/div><\/div><\/div><\/div><\/div><\/div><\/div><\/div><\/section>\n","protected":false},"excerpt":{"rendered":"[vc_custom_heading text=\"Marketing-Anfragen\" font_container=\"tag:div|text_align:left\" css=\"%7B%22default%22%3A%7B%22color%22%3A%22%23f5f5f5%22%2C%22font-size%22%3A%222.2rem%22%2C%22font-family%22%3A%22body%22%2C%22font-weight%22%3A%22400%22%7D%2C%22laptops%22%3A%7B%22color%22%3A%22%23f5f5f5%22%2C%22font-size%22%3A%221.8rem%22%2C%22font-family%22%3A%22body%22%2C%22font-weight%22%3A%22400%22%7D%2C%22tablets%22%3A%7B%22color%22%3A%22%23f5f5f5%22%2C%22font-size%22%3A%221.8rem%22%2C%22font-family%22%3A%22body%22%2C%22font-weight%22%3A%22400%22%7D%2C%22mobiles%22%3A%7B%22color%22%3A%22%231a1a1a%22%2C%22text-align%22%3A%22center%22%2C%22font-size%22%3A%221.5rem%22%2C%22font-family%22%3A%22body%22%2C%22font-weight%22%3A%22400%22%7D%7D\"]F\u00fcr Gesch\u00e4ftsanfragen f\u00fcllen Sie bitte das nachstehende Formular aus. Wir werden uns so bald wie m\u00f6glich bei Ihnen melden. Name * E-Mail * Land * [select* Country placeholder \"Select\" \"Afghanistan\" \"Albania\" \"Algeria\" \"Andorra\" \"Angola\" \"Antigua and Barbuda\" \"Argentina\" \"Armenia\" \"Aruba\" \"Australia\" \"Austria\" \"Azerbaijan\" \"Bahamas, The\" \"Bahrain\" \"Bangladesh\" \"Barbados\" \"Belarus\" \"Belgium\" \"Belize\" \"Benin\"...","protected":false},"author":4,"featured_media":0,"parent":0,"menu_order":0,"comment_status":"closed","ping_status":"closed","template":"","meta":{"footnotes":""},"class_list":["post-4221","page","type-page","status-publish","hentry"],"yoast_head":"<!-- This site is optimized with the Yoast SEO plugin v23.8 - https:\/\/yoast.com\/wordpress\/plugins\/seo\/ -->\n<title>Marketing-Anfragen - APNX | Build Your Story<\/title>\n<meta name=\"robots\" content=\"noindex, follow, max-snippet:-1, max-image-preview:large, max-video-preview:-1\" \/>\n<meta property=\"og:locale\" content=\"de_DE\" \/>\n<meta property=\"og:type\" content=\"article\" \/>\n<meta property=\"og:title\" content=\"Marketing-Anfragen - APNX | Build Your Story\" \/>\n<meta property=\"og:url\" content=\"https:\/\/demo.apnx.com\/de\/marketing-inquiries\/\" \/>\n<meta property=\"og:site_name\" content=\"APNX | Build Your Story\" \/>\n<meta property=\"article:modified_time\" content=\"2023-10-17T02:25:58+00:00\" \/>\n<meta name=\"twitter:card\" content=\"summary_large_image\" \/>\n<meta name=\"twitter:label1\" content=\"Gesch\u00e4tzte Lesezeit\" \/>\n\t<meta name=\"twitter:data1\" content=\"1\u00a0Minute\" \/>\n<script type=\"application\/ld+json\" class=\"yoast-schema-graph\">{\"@context\":\"https:\/\/schema.org\",\"@graph\":[{\"@type\":\"WebPage\",\"@id\":\"https:\/\/demo.apnx.com\/de\/marketing-inquiries\/\",\"url\":\"https:\/\/demo.apnx.com\/de\/marketing-inquiries\/\",\"name\":\"Marketing-Anfragen - APNX | Build Your Story\",\"isPartOf\":{\"@id\":\"https:\/\/demo.apnx.com\/de\/#website\"},\"datePublished\":\"2023-09-22T10:09:04+00:00\",\"dateModified\":\"2023-10-17T02:25:58+00:00\",\"breadcrumb\":{\"@id\":\"https:\/\/demo.apnx.com\/de\/marketing-inquiries\/#breadcrumb\"},\"inLanguage\":\"de\",\"potentialAction\":[{\"@type\":\"ReadAction\",\"target\":[\"https:\/\/demo.apnx.com\/de\/marketing-inquiries\/\"]}]},{\"@type\":\"BreadcrumbList\",\"@id\":\"https:\/\/demo.apnx.com\/de\/marketing-inquiries\/#breadcrumb\",\"itemListElement\":[{\"@type\":\"ListItem\",\"position\":1,\"name\":\"Home\",\"item\":\"https:\/\/www.apnx.com\/de\/\"},{\"@type\":\"ListItem\",\"position\":2,\"name\":\"Marketing-Anfragen\"}]},{\"@type\":\"WebSite\",\"@id\":\"https:\/\/demo.apnx.com\/de\/#website\",\"url\":\"https:\/\/demo.apnx.com\/de\/\",\"name\":\"APNX | Build Your Story\",\"description\":\"APNX | Build Your Story\",\"potentialAction\":[{\"@type\":\"SearchAction\",\"target\":{\"@type\":\"EntryPoint\",\"urlTemplate\":\"https:\/\/demo.apnx.com\/de\/?s={search_term_string}\"},\"query-input\":{\"@type\":\"PropertyValueSpecification\",\"valueRequired\":true,\"valueName\":\"search_term_string\"}}],\"inLanguage\":\"de\"}]}<\/script>\n<!-- \/ Yoast SEO plugin. -->","yoast_head_json":{"title":"Marketing-Anfragen - APNX | Build Your Story","robots":{"index":"noindex","follow":"follow","max-snippet":"max-snippet:-1","max-image-preview":"max-image-preview:large","max-video-preview":"max-video-preview:-1"},"og_locale":"de_DE","og_type":"article","og_title":"Marketing-Anfragen - APNX | Build Your Story","og_url":"https:\/\/demo.apnx.com\/de\/marketing-inquiries\/","og_site_name":"APNX | Build Your Story","article_modified_time":"2023-10-17T02:25:58+00:00","twitter_card":"summary_large_image","twitter_misc":{"Gesch\u00e4tzte Lesezeit":"1\u00a0Minute"},"schema":{"@context":"https:\/\/schema.org","@graph":[{"@type":"WebPage","@id":"https:\/\/demo.apnx.com\/de\/marketing-inquiries\/","url":"https:\/\/demo.apnx.com\/de\/marketing-inquiries\/","name":"Marketing-Anfragen - APNX | Build Your Story","isPartOf":{"@id":"https:\/\/demo.apnx.com\/de\/#website"},"datePublished":"2023-09-22T10:09:04+00:00","dateModified":"2023-10-17T02:25:58+00:00","breadcrumb":{"@id":"https:\/\/demo.apnx.com\/de\/marketing-inquiries\/#breadcrumb"},"inLanguage":"de","potentialAction":[{"@type":"ReadAction","target":["https:\/\/demo.apnx.com\/de\/marketing-inquiries\/"]}]},{"@type":"BreadcrumbList","@id":"https:\/\/demo.apnx.com\/de\/marketing-inquiries\/#breadcrumb","itemListElement":[{"@type":"ListItem","position":1,"name":"Home","item":"https:\/\/www.apnx.com\/de\/"},{"@type":"ListItem","position":2,"name":"Marketing-Anfragen"}]},{"@type":"WebSite","@id":"https:\/\/demo.apnx.com\/de\/#website","url":"https:\/\/demo.apnx.com\/de\/","name":"APNX | Build Your Story","description":"APNX | Build Your Story","potentialAction":[{"@type":"SearchAction","target":{"@type":"EntryPoint","urlTemplate":"https:\/\/demo.apnx.com\/de\/?s={search_term_string}"},"query-input":{"@type":"PropertyValueSpecification","valueRequired":true,"valueName":"search_term_string"}}],"inLanguage":"de"}]}},"_links":{"self":[{"href":"https:\/\/demo.apnx.com\/de\/wp-json\/wp\/v2\/pages\/4221","targetHints":{"allow":["GET"]}}],"collection":[{"href":"https:\/\/demo.apnx.com\/de\/wp-json\/wp\/v2\/pages"}],"about":[{"href":"https:\/\/demo.apnx.com\/de\/wp-json\/wp\/v2\/types\/page"}],"author":[{"embeddable":true,"href":"https:\/\/demo.apnx.com\/de\/wp-json\/wp\/v2\/users\/4"}],"replies":[{"embeddable":true,"href":"https:\/\/demo.apnx.com\/de\/wp-json\/wp\/v2\/comments?post=4221"}],"version-history":[{"count":3,"href":"https:\/\/demo.apnx.com\/de\/wp-json\/wp\/v2\/pages\/4221\/revisions"}],"predecessor-version":[{"id":4224,"href":"https:\/\/demo.apnx.com\/de\/wp-json\/wp\/v2\/pages\/4221\/revisions\/4224"}],"wp:attachment":[{"href":"https:\/\/demo.apnx.com\/de\/wp-json\/wp\/v2\/media?parent=4221"}],"curies":[{"name":"wp","href":"https:\/\/api.w.org\/{rel}","templated":true}]}}