{"id":6513,"date":"2023-08-01T07:43:08","date_gmt":"2023-08-01T07:43:08","guid":{"rendered":"https:\/\/demo.apnx.com\/privacy-policy\/"},"modified":"2023-10-27T04:18:42","modified_gmt":"2023-10-27T04:18:42","slug":"privacy-policy","status":"publish","type":"page","link":"https:\/\/demo.apnx.com\/fi\/privacy-policy\/","title":{"rendered":"Tietosuojak\u00e4yt\u00e4nt\u00f6"},"content":{"rendered":"<section class=\"l-section wpb_row height_medium width_custom with_img\" style=\"--site-content-width:1330px;\"><div class=\"l-section-img\" role=\"img\" data-img-width=\"1920\" data-img-height=\"1080\" style=\"background-image: url(https:\/\/demo.apnx.com\/wp-content\/uploads\/2023\/10\/apnx_logo_BG_2.jpg);\"><\/div><div class=\"l-section-h i-cf\"><div class=\"g-cols vc_row via_flex valign_middle type_default stacking_default\"><div class=\"vc_col-sm-12 wpb_column vc_column_container\"><div class=\"vc_column-inner\"><div class=\"wpb_wrapper\"><div class=\"g-cols wpb_row via_flex valign_top type_default stacking_default\"><div class=\"vc_col-sm-12 wpb_column vc_column_container\"><div class=\"vc_column-inner\"><div class=\"wpb_wrapper\"><div class=\"wpb_text_column\"><div class=\"wpb_wrapper\"><p>APNX suhtautuu yksityisyyteesi vakavasti.<br \/>\nLue seuraavat tiedot saadaksesi lis\u00e4tietoja tietosuojak\u00e4yt\u00e4nn\u00f6st\u00e4mme.<\/p>\n<\/div><\/div><\/div><\/div><\/div><\/div><\/div><\/div><\/div><\/div><\/div><\/section><section class=\"l-section wpb_row height_medium width_custom\" style=\"--site-content-width:1330px;\"><div class=\"l-section-h i-cf\"><div class=\"g-cols vc_row via_flex valign_middle type_default stacking_default\"><div class=\"vc_col-sm-12 wpb_column vc_column_container\"><div class=\"vc_column-inner\"><div class=\"wpb_wrapper\"><div class=\"g-cols wpb_row via_flex valign_middle type_default stacking_default\"><div class=\"vc_col-sm-12 wpb_column vc_column_container\"><div class=\"vc_column-inner\"><div class=\"wpb_wrapper\"><div class=\"wpb_text_column\"><div class=\"wpb_wrapper\"><p><strong>Mit\u00e4 t\u00e4m\u00e4 tietosuojak\u00e4yt\u00e4nt\u00f6 kattaa<\/strong><\/p>\n<ul>\n<li>T\u00e4m\u00e4 k\u00e4yt\u00e4nt\u00f6 kattaa sen, miten APNX k\u00e4sittelee APNX:n ker\u00e4\u00e4mi\u00e4 ja vastaanottamia henkil\u00f6tietoja, mukaan lukien tiedot, jotka liittyv\u00e4t APNX:n tuotteiden ja palveluiden aiempaan k\u00e4ytt\u00f6\u00f6n. Henkil\u00f6kohtaiset tiedot ovat sinua koskevia tietoja, jotka ovat henkil\u00f6kohtaisesti tunnistettavissa, kuten nimesi, osoitteesi, s\u00e4hk\u00f6postiosoitteesi tai puhelinnumerosi, ja jotka eiv\u00e4t ole muuten julkisesti saatavilla.<\/li>\n<li>T\u00e4t\u00e4 k\u00e4yt\u00e4nt\u00f6\u00e4 ei sovelleta sellaisten yritysten k\u00e4yt\u00e4nt\u00f6ihin, joita APNX ei omista tai hallitse, eik\u00e4 sellaisten henkil\u00f6iden k\u00e4yt\u00e4nt\u00f6ihin, joita APNX ei ty\u00f6llist\u00e4 tai johda. Lis\u00e4ksi tietyill\u00e4 APNX:\u00e4\u00e4n liittyvill\u00e4 yrityksill\u00e4 voi olla omat tietosuojaselosteensa.<\/li>\n<\/ul>\n<\/div><\/div><div class=\"wpb_text_column\"><div class=\"wpb_wrapper\"><p><strong>Tietojen ker\u00e4\u00e4minen ja k\u00e4ytt\u00f6<\/strong><\/p>\n<ul>\n<li>APNX ker\u00e4\u00e4 ja tallentaa henkil\u00f6kohtaisia tietojasi rekister\u00f6ityess\u00e4si APNX:lle, k\u00e4ytt\u00e4ess\u00e4si APNX:n tuotteita tai palveluita, vieraillessasi APNX:n sivuilla tai tiettyjen APNX:n yhteisty\u00f6kumppaneiden sivuilla ja osallistuessasi kampanjoihin tai arvontoihin.<\/li>\n<li>APNX pyyt\u00e4\u00e4 sinua t\u00e4ytt\u00e4m\u00e4\u00e4n joitakin henkil\u00f6kohtaisia tietoja, kuten nimesi, osoitteesi, s\u00e4hk\u00f6postiosoitteesi, syntym\u00e4aikasi, sukupuolesi, postinumerosi, ammattisi, toimialasi, henkil\u00f6kohtaiset kiinnostuksen kohteesi ja muita omaisuuttasi koskevia tietoja, kun rekister\u00f6idyt verkkosivustollamme, ja edell\u00e4 mainitut tiedot luovutetaan APNX:lle, ja APNX tallentaa ja k\u00e4ytt\u00e4\u00e4 niit\u00e4 suostumuksesi perusteella. Suostumuksesi katsotaan vahvistetuksi, jos rekister\u00f6idyt onnistuneesti verkkosivustollamme. Kun rekister\u00f6idyt verkkosivustollamme ja kirjaudut sis\u00e4\u00e4n palveluihimme, lakkaat olemasta APNX:lle anonyymi k\u00e4ytt\u00e4j\u00e4.<\/li>\n<li>Parantaakseen palvelua ja yll\u00e4pit\u00e4\u00e4kseen erinomaista viestint\u00e4\u00e4 asiakkaiden kanssa APNX k\u00e4ytt\u00e4\u00e4 edell\u00e4 mainittuja tietoja seuraaviin yleisiin tarkoituksiin:\n<ul>\n<li>R\u00e4\u00e4t\u00e4l\u00f6id\u00e4ksemme mainontaa ja sis\u00e4lt\u00f6\u00e4, t\u00e4ytt\u00e4\u00e4ksemme tuote- ja palvelupyynt\u00f6j\u00e4si, parantaaksemme palveluitamme, ottaaksemme sinuun yhteytt\u00e4, suorittaaksemme tutkimusta ja anonyymien raporttien tuottamiseksi sis\u00e4isille ja ulkoisille asiakkaille.<\/li>\n<li>Tietojen ker\u00e4\u00e4minen, tallentaminen ja yhdist\u00e4minen sek\u00e4 jakaminen APNX:n tyt\u00e4ryhti\u00f6iden ja luotettavien kumppaneiden kanssa, jotka ty\u00f6skentelev\u00e4t APNX:n puolesta tai APNX:n kanssa salassapitosopimusten mukaisesti asiakkaiden julkisen hallintaj\u00e4rjestelm\u00e4n luomiseksi. N\u00e4m\u00e4 yritykset voivat k\u00e4ytt\u00e4\u00e4 henkil\u00f6tietojasi auttaakseen APNX:\u00e4\u00e4 viestim\u00e4\u00e4n sinulle APNX:n ja markkinointikumppaneidemme tarjouksista. N\u00e4ill\u00e4 yrityksill\u00e4 ei kuitenkaan ole itsen\u00e4ist\u00e4 oikeutta jakaa n\u00e4it\u00e4 tietoja.<\/li>\n<li>Sinun katsotaan antavan APNX:lle luvan ker\u00e4t\u00e4 ja k\u00e4ytt\u00e4\u00e4 edell\u00e4 mainittuja tietoja t\u00e4m\u00e4n tietosuojak\u00e4yt\u00e4nn\u00f6n perusteella, mutta sinulla on silti oikeus peruuttaa APNX:lle antamasi tiedot.<\/li>\n<\/ul>\n<\/li>\n<\/ul>\n<p>Se pidett\u00e4isiin suostumuksena valtuuttaa APNX ker\u00e4\u00e4m\u00e4\u00e4n ja k\u00e4ytt\u00e4m\u00e4\u00e4n edell\u00e4 mainittuja tietoja t\u00e4m\u00e4n Tietosuojak\u00e4yt\u00e4nn\u00f6n perusteella, mutta sinulla on silti oikeus peruuttaa antamasi tiedot APNX:lle. Suojellaksesi oikeuksiasi voit l\u00e4hett\u00e4\u00e4 peruuttamispyynn\u00f6n APNX:lle postitse omalla allekirjoituksellasi varustettuna. Pyynt\u00f6\u00e4si k\u00e4sitell\u00e4\u00e4n seitsem\u00e4ss\u00e4 (7) arkip\u00e4iv\u00e4ss\u00e4. APNX k\u00e4sittelee tietojasi Taiwanin tasavallan lakien ja asetusten mukaisesti.<\/p>\n<\/div><\/div><div class=\"wpb_text_column\"><div class=\"wpb_wrapper\"><p><strong>Ev\u00e4steet<\/strong><\/p>\n<p>Ev\u00e4steet ovat pieni\u00e4 tiedostoja, jotka sivusto tai sen palveluntarjoaja siirt\u00e4\u00e4 tietokoneesi kiintolevylle selaimen kautta (jos sallit sen), mik\u00e4 mahdollistaa sivuston tai palveluntarjoajan j\u00e4rjestelmien tunnistaa selaimesi ja tallentaa tiettyj\u00e4 tietoja. Esimerkiksi k\u00e4yt\u00e4mme ev\u00e4steit\u00e4 auttaaksemme meit\u00e4 ker\u00e4\u00e4m\u00e4\u00e4n ja k\u00e4sittelem\u00e4\u00e4n ostoskorisi tuotteita. Niit\u00e4 k\u00e4ytet\u00e4\u00e4n my\u00f6s auttamaan meit\u00e4 ymm\u00e4rt\u00e4m\u00e4\u00e4n mieltymyksi\u00e4si aiemman tai nykyisen sivustotoiminnan perusteella, mik\u00e4 mahdollistaa paranneltujen palvelujen tarjoamisen sinulle. K\u00e4yt\u00e4mme ev\u00e4steit\u00e4 my\u00f6s auttaaksemme meit\u00e4 ker\u00e4\u00e4m\u00e4\u00e4n yhteenvetotietoja sivuston liikenteest\u00e4 ja vuorovaikutuksesta, jotta voimme tarjota parempia sivustokokemuksia ja ty\u00f6kaluja tulevaisuudessa.<\/p>\n<p><strong>K\u00e4yt\u00e4mme ev\u00e4steit\u00e4:<\/strong><\/p>\n<ul>\n<li>Ymm\u00e4rt\u00e4\u00e4 ja tallentaa k\u00e4ytt\u00e4j\u00e4n mieltymykset tulevia vierailuja varten.<\/li>\n<li>Seurataksemme mainontaa.<\/li>\n<\/ul>\n<p>Voit valita, ett\u00e4 tietokoneesi varoittaa sinua aina, kun ev\u00e4ste l\u00e4hetet\u00e4\u00e4n, tai voit poistaa kaikki ev\u00e4steet k\u00e4yt\u00f6st\u00e4. Voit tehd\u00e4 t\u00e4m\u00e4n selaimesi v\u00e4lityksell\u00e4 (esim.: Internet Explorer) asetukset. Jokaisella selaimella on erilaiset asetukset, joten katso selaimesi Ohje-valikosta, miten ev\u00e4steiden muuttaminen on oikein. Jos poistat ev\u00e4steet k\u00e4yt\u00f6st\u00e4, jotkin toiminnot eiv\u00e4t ehk\u00e4 tee sivustokokemuksestasi yht\u00e4 tehokasta ja jotkin palvelumme eiv\u00e4t ehk\u00e4 toimi oikein.<\/p>\n<\/div><\/div><div class=\"wpb_text_column\"><div class=\"wpb_wrapper\"><p><strong>Vastuuvapaus<\/strong><\/p>\n<p>T\u00e4m\u00e4n verkkosivuston omistaa APNX, mutta APNX ei takaa mit\u00e4\u00e4n turvallisuutta, yksityisyytt\u00e4 tai muuta asiaan liittyv\u00e4\u00e4 sis\u00e4lt\u00f6\u00e4 muilla verkkosivustoilla, joihin t\u00e4m\u00e4 verkkosivusto on linkitetty, eiv\u00e4tk\u00e4 linkit ole luoneet mit\u00e4\u00e4n ty\u00f6ntekij\u00e4-, toimipaikka-, edustus- tai kumppanuussuhdetta.<\/p>\n<p><strong>Luottamuksellisuus ja turvallisuus<\/strong><\/p>\n<ul>\n<li>Turvallisuutesi ja yksityisyytesi suojaamiseksi APNX-tilill\u00e4 olevat tietosi suojataan salasanalla.<\/li>\n<li>Joissakin tapauksissa APNX k\u00e4ytt\u00e4\u00e4 SSL-suojausj\u00e4rjestelm\u00e4\u00e4 tietojen suojaamiseksi siirron aikana.<\/li>\n<li>Rajoitamme p\u00e4\u00e4syn sinua koskeviin henkil\u00f6tietoihin ty\u00f6ntekij\u00f6ille, joiden uskomme kohtuudella joutuvan kosketuksiin kyseisten tietojen kanssa tarjotaksemme sinulle tuotteita tai palveluita tai hoitaakseen teht\u00e4vi\u00e4\u00e4n.<\/li>\n<li>Meill\u00e4 on liittovaltion s\u00e4\u00e4nn\u00f6sten mukaiset fyysiset, s\u00e4hk\u00f6iset ja menettelylliset suojatoimet henkil\u00f6tietojesi suojaamiseksi.<\/li>\n<\/ul>\n<\/div><\/div><div class=\"wpb_text_column\"><div class=\"wpb_wrapper\"><p><strong>Muutokset t\u00e4h\u00e4n tietosuojak\u00e4yt\u00e4nt\u00f6\u00f6n<\/strong><\/p>\n<p>APNX pid\u00e4tt\u00e4\u00e4 oikeuden muuttaa tai peruuttaa t\u00e4t\u00e4 k\u00e4yt\u00e4nt\u00f6\u00e4 aina silloin t\u00e4ll\u00f6in uusimpien olosuhteiden mukaan. Suosittelemme, ett\u00e4 luet t\u00e4m\u00e4n k\u00e4yt\u00e4nteen huolellisesti aina, kun se on tarpeen uusien asiasis\u00e4lt\u00f6jen k\u00e4sittelemiseksi. Ilmoitamme kaikista merkitt\u00e4vist\u00e4 muutoksista t\u00e4ll\u00e4 verkkosivustolla.<\/p>\n<p><strong>Kysymyksi\u00e4 ja ehdotuksia<\/strong><\/p>\n<p>Jos sinulla on kysytt\u00e4v\u00e4\u00e4 tai ehdotuksia, voit ottaa meihin yhteytt\u00e4 seuraavalla tavalla:<\/p>\n<ol>\n<li>S\u00e4hk\u00f6postitse: <span style=\"color: #1e1e1e;\"><a style=\"color: #1e1e1e;\" href=\"mailto:info@apnxdrive.onmicrosoft.com\">info@apnxdrive.onmicrosoft.com<\/a><\/span><\/li>\n<li>By mail: Receiver &#8211; Aerocool Advanced Technologies Corp. Privacy Policy Issues Mail.<br \/>\nMailing address \u2013 3F. -6, No. 79, Sec. 1, Xintai 5th Rd., Xizhi Dist., New Taipei City 22010, Taiwan(R.O.C.).<\/li>\n<li>By phone:+886-2- 8698-1088<\/li>\n<li>By fax: +886-2- 8698-1082<\/li>\n<\/ol>\n<\/div><\/div><\/div><\/div><\/div><\/div><\/div><\/div><\/div><\/div><\/div><\/section>\n","protected":false},"excerpt":{"rendered":"APNX suhtautuu yksityisyyteesi vakavasti. Lue seuraavat tiedot saadaksesi lis\u00e4tietoja tietosuojak\u00e4yt\u00e4nn\u00f6st\u00e4mme. Mit\u00e4 t\u00e4m\u00e4 tietosuojak\u00e4yt\u00e4nt\u00f6 kattaa T\u00e4m\u00e4 k\u00e4yt\u00e4nt\u00f6 kattaa sen, miten APNX k\u00e4sittelee APNX:n ker\u00e4\u00e4mi\u00e4 ja vastaanottamia henkil\u00f6tietoja, mukaan lukien tiedot, jotka liittyv\u00e4t APNX:n tuotteiden ja palveluiden aiempaan k\u00e4ytt\u00f6\u00f6n. Henkil\u00f6kohtaiset tiedot ovat sinua koskevia tietoja, jotka ovat henkil\u00f6kohtaisesti tunnistettavissa, kuten nimesi, osoitteesi, s\u00e4hk\u00f6postiosoitteesi tai puhelinnumerosi, ja jotka...","protected":false},"author":1,"featured_media":0,"parent":0,"menu_order":0,"comment_status":"closed","ping_status":"open","template":"","meta":{"footnotes":""},"class_list":["post-6513","page","type-page","status-publish","hentry"],"yoast_head":"<!-- This site is optimized with the Yoast SEO plugin v23.8 - https:\/\/yoast.com\/wordpress\/plugins\/seo\/ -->\n<title>Tietosuojak\u00e4yt\u00e4nt\u00f6 - APNX | Build Your Story<\/title>\n<meta name=\"robots\" content=\"noindex, follow, max-snippet:-1, max-image-preview:large, max-video-preview:-1\" \/>\n<meta property=\"og:locale\" content=\"fi_FI\" \/>\n<meta property=\"og:type\" content=\"article\" \/>\n<meta property=\"og:title\" content=\"Tietosuojak\u00e4yt\u00e4nt\u00f6 - APNX | Build Your Story\" \/>\n<meta property=\"og:url\" content=\"https:\/\/demo.apnx.com\/fi\/privacy-policy\/\" \/>\n<meta property=\"og:site_name\" content=\"APNX | Build Your Story\" \/>\n<meta property=\"article:modified_time\" content=\"2023-10-27T04:18:42+00:00\" \/>\n<meta name=\"twitter:card\" content=\"summary_large_image\" \/>\n<meta name=\"twitter:label1\" content=\"Arvioitu lukuaika\" \/>\n\t<meta name=\"twitter:data1\" content=\"3 minuuttia\" \/>\n<script type=\"application\/ld+json\" class=\"yoast-schema-graph\">{\"@context\":\"https:\/\/schema.org\",\"@graph\":[{\"@type\":\"WebPage\",\"@id\":\"https:\/\/demo.apnx.com\/fi\/privacy-policy\/\",\"url\":\"https:\/\/demo.apnx.com\/fi\/privacy-policy\/\",\"name\":\"Tietosuojak\u00e4yt\u00e4nt\u00f6 - APNX | Build Your Story\",\"isPartOf\":{\"@id\":\"https:\/\/demo.apnx.com\/fi\/#website\"},\"datePublished\":\"2023-08-01T07:43:08+00:00\",\"dateModified\":\"2023-10-27T04:18:42+00:00\",\"breadcrumb\":{\"@id\":\"https:\/\/demo.apnx.com\/fi\/privacy-policy\/#breadcrumb\"},\"inLanguage\":\"fi\",\"potentialAction\":[{\"@type\":\"ReadAction\",\"target\":[\"https:\/\/demo.apnx.com\/fi\/privacy-policy\/\"]}]},{\"@type\":\"BreadcrumbList\",\"@id\":\"https:\/\/demo.apnx.com\/fi\/privacy-policy\/#breadcrumb\",\"itemListElement\":[{\"@type\":\"ListItem\",\"position\":1,\"name\":\"Home\",\"item\":\"https:\/\/www.apnx.com\/fi\/\"},{\"@type\":\"ListItem\",\"position\":2,\"name\":\"Tietosuojak\u00e4yt\u00e4nt\u00f6\"}]},{\"@type\":\"WebSite\",\"@id\":\"https:\/\/demo.apnx.com\/fi\/#website\",\"url\":\"https:\/\/demo.apnx.com\/fi\/\",\"name\":\"APNX | Build Your Story\",\"description\":\"APNX | Build Your Story\",\"potentialAction\":[{\"@type\":\"SearchAction\",\"target\":{\"@type\":\"EntryPoint\",\"urlTemplate\":\"https:\/\/demo.apnx.com\/fi\/?s={search_term_string}\"},\"query-input\":{\"@type\":\"PropertyValueSpecification\",\"valueRequired\":true,\"valueName\":\"search_term_string\"}}],\"inLanguage\":\"fi\"}]}<\/script>\n<!-- \/ Yoast SEO plugin. -->","yoast_head_json":{"title":"Tietosuojak\u00e4yt\u00e4nt\u00f6 - APNX | Build Your Story","robots":{"index":"noindex","follow":"follow","max-snippet":"max-snippet:-1","max-image-preview":"max-image-preview:large","max-video-preview":"max-video-preview:-1"},"og_locale":"fi_FI","og_type":"article","og_title":"Tietosuojak\u00e4yt\u00e4nt\u00f6 - APNX | Build Your Story","og_url":"https:\/\/demo.apnx.com\/fi\/privacy-policy\/","og_site_name":"APNX | Build Your Story","article_modified_time":"2023-10-27T04:18:42+00:00","twitter_card":"summary_large_image","twitter_misc":{"Arvioitu lukuaika":"3 minuuttia"},"schema":{"@context":"https:\/\/schema.org","@graph":[{"@type":"WebPage","@id":"https:\/\/demo.apnx.com\/fi\/privacy-policy\/","url":"https:\/\/demo.apnx.com\/fi\/privacy-policy\/","name":"Tietosuojak\u00e4yt\u00e4nt\u00f6 - APNX | Build Your Story","isPartOf":{"@id":"https:\/\/demo.apnx.com\/fi\/#website"},"datePublished":"2023-08-01T07:43:08+00:00","dateModified":"2023-10-27T04:18:42+00:00","breadcrumb":{"@id":"https:\/\/demo.apnx.com\/fi\/privacy-policy\/#breadcrumb"},"inLanguage":"fi","potentialAction":[{"@type":"ReadAction","target":["https:\/\/demo.apnx.com\/fi\/privacy-policy\/"]}]},{"@type":"BreadcrumbList","@id":"https:\/\/demo.apnx.com\/fi\/privacy-policy\/#breadcrumb","itemListElement":[{"@type":"ListItem","position":1,"name":"Home","item":"https:\/\/www.apnx.com\/fi\/"},{"@type":"ListItem","position":2,"name":"Tietosuojak\u00e4yt\u00e4nt\u00f6"}]},{"@type":"WebSite","@id":"https:\/\/demo.apnx.com\/fi\/#website","url":"https:\/\/demo.apnx.com\/fi\/","name":"APNX | Build Your Story","description":"APNX | Build Your Story","potentialAction":[{"@type":"SearchAction","target":{"@type":"EntryPoint","urlTemplate":"https:\/\/demo.apnx.com\/fi\/?s={search_term_string}"},"query-input":{"@type":"PropertyValueSpecification","valueRequired":true,"valueName":"search_term_string"}}],"inLanguage":"fi"}]}},"_links":{"self":[{"href":"https:\/\/demo.apnx.com\/fi\/wp-json\/wp\/v2\/pages\/6513","targetHints":{"allow":["GET"]}}],"collection":[{"href":"https:\/\/demo.apnx.com\/fi\/wp-json\/wp\/v2\/pages"}],"about":[{"href":"https:\/\/demo.apnx.com\/fi\/wp-json\/wp\/v2\/types\/page"}],"author":[{"embeddable":true,"href":"https:\/\/demo.apnx.com\/fi\/wp-json\/wp\/v2\/users\/1"}],"replies":[{"embeddable":true,"href":"https:\/\/demo.apnx.com\/fi\/wp-json\/wp\/v2\/comments?post=6513"}],"version-history":[{"count":3,"href":"https:\/\/demo.apnx.com\/fi\/wp-json\/wp\/v2\/pages\/6513\/revisions"}],"predecessor-version":[{"id":6517,"href":"https:\/\/demo.apnx.com\/fi\/wp-json\/wp\/v2\/pages\/6513\/revisions\/6517"}],"wp:attachment":[{"href":"https:\/\/demo.apnx.com\/fi\/wp-json\/wp\/v2\/media?parent=6513"}],"curies":[{"name":"wp","href":"https:\/\/api.w.org\/{rel}","templated":true}]}}