{"id":6277,"date":"2023-08-01T07:43:08","date_gmt":"2023-08-01T07:43:08","guid":{"rendered":"https:\/\/demo.apnx.com\/privacy-policy\/"},"modified":"2023-10-27T03:06:08","modified_gmt":"2023-10-27T03:06:08","slug":"privacy-policy","status":"publish","type":"page","link":"https:\/\/demo.apnx.com\/fr\/privacy-policy\/","title":{"rendered":"Politique de confidentialit\u00e9"},"content":{"rendered":"<section class=\"l-section wpb_row height_medium width_custom with_img\" style=\"--site-content-width:1330px;\"><div class=\"l-section-img\" role=\"img\" data-img-width=\"1920\" data-img-height=\"1080\" style=\"background-image: url(https:\/\/demo.apnx.com\/wp-content\/uploads\/2023\/10\/apnx_logo_BG_2.jpg);\"><\/div><div class=\"l-section-h i-cf\"><div class=\"g-cols vc_row via_flex valign_middle type_default stacking_default\"><div class=\"vc_col-sm-12 wpb_column vc_column_container\"><div class=\"vc_column-inner\"><div class=\"wpb_wrapper\"><div class=\"g-cols wpb_row via_flex valign_top type_default stacking_default\"><div class=\"vc_col-sm-12 wpb_column vc_column_container\"><div class=\"vc_column-inner\"><div class=\"wpb_wrapper\"><div class=\"wpb_text_column\"><div class=\"wpb_wrapper\"><p>APNX prend au s\u00e9rieux la protection des informations personnelles.<br \/>\nVeuillez lire ce qui suit pour en savoir plus sur notre politique de confidentialit\u00e9.<\/p>\n<\/div><\/div><\/div><\/div><\/div><\/div><\/div><\/div><\/div><\/div><\/div><\/section><section class=\"l-section wpb_row height_medium width_custom\" style=\"--site-content-width:1330px;\"><div class=\"l-section-h i-cf\"><div class=\"g-cols vc_row via_flex valign_middle type_default stacking_default\"><div class=\"vc_col-sm-12 wpb_column vc_column_container\"><div class=\"vc_column-inner\"><div class=\"wpb_wrapper\"><div class=\"g-cols wpb_row via_flex valign_middle type_default stacking_default\"><div class=\"vc_col-sm-12 wpb_column vc_column_container\"><div class=\"vc_column-inner\"><div class=\"wpb_wrapper\"><div class=\"wpb_text_column\"><div class=\"wpb_wrapper\"><p><strong>Ce qui est couvert par cette politique de confidentialit\u00e9<\/strong><\/p>\n<ul>\n<li>Cette politique couvre la mani\u00e8re dont APNX traite les donn\u00e9es personnelles qu&rsquo;elle recueille et re\u00e7oit, y compris les informations relatives \u00e0 votre utilisation pass\u00e9e des produits et des services d&rsquo;APNX. Les informations personnelles sont des informations vous concernant qui sont personnellement identifiables, comme votre nom, votre adresse, votre adresse e-mail ou votre num\u00e9ro de t\u00e9l\u00e9phone, et qui ne sont pas normalement accessibles au public.<\/li>\n<li>Cette politique ne s&rsquo;applique pas aux pratiques des entreprises que APNX ne poss\u00e8de pas ou ne contr\u00f4le pas, ni aux personnes que APNX n&#8217;emploie pas ou ne g\u00e8re pas. En outre, certaines soci\u00e9t\u00e9s associ\u00e9es \u00e0 APNX peuvent avoir leurs propres politiques de confidentialit\u00e9.<\/li>\n<\/ul>\n<\/div><\/div><div class=\"wpb_text_column\"><div class=\"wpb_wrapper\"><p><strong>Collecte et utilisation de ces informations<\/strong><\/p>\n<ul>\n<li>APNX recueillera et stockera vos informations personnelles lorsque vous vous enregistrez avec APNX, lorsque vous utilisez des produits ou des services d&rsquo;APNX, lorsque vous visitez les pages d&rsquo;APNX ou les pages de certains partenaires d&rsquo;APNX, et lorsque vous participez \u00e0 des promotions ou \u00e0 des tirages au sort.<\/li>\n<li>APNX vous demandera de fournir certaines informations personnelles telles que votre nom, votre adresse, votre adresse e-mail, votre date de naissance, votre sexe, votre code postal, votre profession, votre secteur d&rsquo;activit\u00e9, vos centres d&rsquo;int\u00e9r\u00eat personnels, ainsi que d&rsquo;autres informations concernant vos biens lorsque vous vous inscrivez sur notre site web. Les informations susmentionn\u00e9es seront divulgu\u00e9es \u00e0 APNX, stock\u00e9es et utilis\u00e9es par APNX en fonction de votre consentement. Il serait consid\u00e9r\u00e9 comme une confirmation de votre consentement si vous vous inscrivez avec succ\u00e8s sur notre site web. Lorsque vous vous inscrivez sur notre site web et que vous vous connectez \u00e0 nos services, vous cessez d&rsquo;\u00eatre un utilisateur anonyme pour APNX.<\/li>\n<li>Pour am\u00e9liorer le service et maintenir une meilleure communication avec les clients, APNX utilisera les informations susmentionn\u00e9es aux fins g\u00e9n\u00e9rales suivantes :\n<ul>\n<li>Personnaliser les publicit\u00e9s et les contenus, r\u00e9pondre \u00e0 vos demandes de produits et de services, am\u00e9liorer nos services, vous contacter, effectuer des enqu\u00eates et fournir des rapports anonymes \u00e0 des clients internes et externes.<\/li>\n<li>Collecter, stocker et combiner ces informations et les partager avec les affili\u00e9s d&rsquo;APNX et les partenaires de confiance qui op\u00e8rent au nom d&rsquo;APNX ou avec APNX dans le cadre d&rsquo;accords de confidentialit\u00e9 pour \u00e9tablir le syst\u00e8me de gestion publique des clients. Ces soci\u00e9t\u00e9s peuvent utiliser vos informations personnelles pour aider APNX \u00e0 communiquer avec vous au sujet des offres d&rsquo;APNX et de ses partenaires commerciaux. Ces soci\u00e9t\u00e9s n&rsquo;auront toutefois pas le droit de partager ces informations.<\/li>\n<li>Communiquer avec vous ou confirmer votre demande avec des questionnaires en ligne lors de l&rsquo;utilisation des informations par les partenaires commerciaux ou les sous-traitants d&rsquo;APNX pour recommander ou pr\u00e9senter les produits, services et informations de vente d&rsquo;APNX.<\/li>\n<\/ul>\n<\/li>\n<\/ul>\n<p>Il est consid\u00e9r\u00e9 que vous acceptez d&rsquo;autoriser APNX \u00e0 collecter et \u00e0 utiliser les informations susmentionn\u00e9es sur la base de la pr\u00e9sente politique de confidentialit\u00e9, mais vous avez toujours le droit d\u2019effacer des informations que vous avez fournies \u00e0 APNX. Pour prot\u00e9ger vos droits, vous pouvez envoyer une demande d\u2019effacement \u00e0 APNX par courrier avec votre signature. Votre demande sera trait\u00e9e dans les sept (7) jours ouvrables. APNX traitera vos informations conform\u00e9ment \u00e0 la loi et \u00e0 la r\u00e9glementation de la R\u00e9publique de Chine (Ta\u00efwan).<\/p>\n<\/div><\/div><div class=\"wpb_text_column\"><div class=\"wpb_wrapper\"><p><strong>Cookies<\/strong><\/p>\n<p>Les cookies sont de petits fichiers qu&rsquo;un site ou un fournisseur de services place sur le disque dur de votre ordinateur par l&rsquo;interm\u00e9diaire de votre navigateur web (si vous l&rsquo;autorisez), ce qui permet aux syst\u00e8mes du site ou du fournisseur de services de reconna\u00eetre votre navigateur et de capturer et de conserver certaines informations. Par exemple, nous utilisons des cookies pour nous aider \u00e0 collecter et \u00e0 traiter les articles de votre panier d&rsquo;achat. Ils sont \u00e9galement utilis\u00e9s pour nous aider \u00e0 comprendre vos pr\u00e9f\u00e9rences en fonction de vos activit\u00e9s ant\u00e9rieures ou actuelles sur le site, ce qui nous permet d\u2019am\u00e9liorer nos services. Nous utilisons \u00e9galement des cookies pour nous aider \u00e0 compiler des donn\u00e9es globales sur le trafic et l&rsquo;interaction avec le site pour pouvoir offrir une meilleure exp\u00e9rience et de meilleurs outils \u00e0 l&rsquo;avenir.<\/p>\n<p><strong>Nous utilisons des cookies pour :<\/strong><\/p>\n<ul>\n<li>Comprendre et enregistrer les pr\u00e9f\u00e9rences de l&rsquo;utilisateur pour les visites ult\u00e9rieures.<\/li>\n<li>Le suivi des publicit\u00e9s.<\/li>\n<\/ul>\n<p>Vous pouvez choisir que votre ordinateur vous avertisse chaque fois qu&rsquo;un cookie est envoy\u00e9, ou vous pouvez choisir de d\u00e9sactiver tous les cookies. Vous pouvez faire cela via les param\u00e8tres de votre navigateur (par exemple : Internet Explorer). Chaque navigateur a des param\u00e8tres diff\u00e9rents, veuillez donc consulter le menu Aide de votre navigateur pour savoir comment faire pour modifier vos cookies. Si vous d\u00e9sactivez les cookies, il se peut que votre exp\u00e9rience sur le site ne soit pas aussi bonne et que certains de nos services ne fonctionnent pas correctement.<\/p>\n<\/div><\/div><div class=\"wpb_text_column\"><div class=\"wpb_wrapper\"><p><strong>Non-responsabilit\u00e9<\/strong><\/p>\n<p>Ce site web est la propri\u00e9t\u00e9 d&rsquo;APNX, mais APNX ne garantit pas la s\u00e9curit\u00e9, la confidentialit\u00e9 ou tout autre contenu pertinent des autres sites web li\u00e9s \u00e0 ce site web et aucune relation d&#8217;employ\u00e9, d&rsquo;agence, de repr\u00e9sentant ou de partenariat n&rsquo;a \u00e9t\u00e9 cr\u00e9\u00e9e par ces liens.<\/p>\n<p><strong>Confidentialit\u00e9 et s\u00e9curit\u00e9<\/strong><\/p>\n<ul>\n<li>Pour prot\u00e9ger votre s\u00e9curit\u00e9 et vos informations personnelles, vos informations dans le compte APNX seront prot\u00e9g\u00e9es par un mot de passe.<\/li>\n<li>Dans certains cas, APNX utilisera le syst\u00e8me de s\u00e9curit\u00e9 SSL pour prot\u00e9ger ces informations pendant la transmission.<\/li>\n<li>Nous limitons l&rsquo;acc\u00e8s \u00e0 vos informations personnelles aux employ\u00e9s qui, selon nous, ont raisonnablement besoin d&rsquo;utiliser ces informations pour vous fournir des produits ou des services ou pour exercer leurs fonctions.<\/li>\n<li>Nous avons des garanties physiques, \u00e9lectroniques et proc\u00e9durales conformes aux r\u00e9glementations f\u00e9d\u00e9rales pour prot\u00e9ger vos informations personnelles.<\/li>\n<\/ul>\n<\/div><\/div><div class=\"wpb_text_column\"><div class=\"wpb_wrapper\"><p><strong>Modifications de la pr\u00e9sente politique de confidentialit\u00e9<\/strong><\/p>\n<p>APNX se r\u00e9serve le droit de modifier ou de r\u00e9voquer cette politique de temps \u00e0 autre pour r\u00e9pondre \u00e0 toute nouvelle situation. Nous vous conseillons de lire attentivement cette politique chaque fois que cela s&rsquo;av\u00e8re n\u00e9cessaire pour faire face \u00e0 chaque nouvelle situation. Nous annoncerons tout changement significatif directement sur ce site web.<\/p>\n<p><strong>Questions et suggestions<\/strong><\/p>\n<p>Si vous avez des questions ou des suggestions, n&rsquo;h\u00e9sitez pas \u00e0 nous contacter de la mani\u00e8re suivante :<\/p>\n<ol>\n<li>Par e-mail : <span style=\"color: #1e1e1e;\"><a style=\"color: #1e1e1e;\" href=\"mailto:info@apnxdrive.onmicrosoft.com\">info@apnxdrive.onmicrosoft.com<\/a><\/span><\/li>\n<li>By mail: Receiver &#8211; Aerocool Advanced Technologies Corp. Privacy Policy Issues Mail.<br \/>\nMailing address \u2013 3F. -6, No. 79, Sec. 1, Xintai 5th Rd., Xizhi Dist., New Taipei City 22010, Taiwan(R.O.C.).<\/li>\n<li>By phone:+886-2- 8698-1088<\/li>\n<li>By fax: +886-2- 8698-1082<\/li>\n<\/ol>\n<\/div><\/div><\/div><\/div><\/div><\/div><\/div><\/div><\/div><\/div><\/div><\/section>\n","protected":false},"excerpt":{"rendered":"APNX prend au s\u00e9rieux la protection des informations personnelles. Veuillez lire ce qui suit pour en savoir plus sur notre politique de confidentialit\u00e9. Ce qui est couvert par cette politique de confidentialit\u00e9 Cette politique couvre la mani\u00e8re dont APNX traite les donn\u00e9es personnelles qu&rsquo;elle recueille et re\u00e7oit, y compris les informations relatives \u00e0 votre utilisation...","protected":false},"author":1,"featured_media":0,"parent":0,"menu_order":0,"comment_status":"closed","ping_status":"open","template":"","meta":{"footnotes":""},"class_list":["post-6277","page","type-page","status-publish","hentry"],"yoast_head":"<!-- This site is optimized with the Yoast SEO plugin v23.8 - https:\/\/yoast.com\/wordpress\/plugins\/seo\/ -->\n<title>Politique de confidentialit\u00e9 - APNX | Build Your Story<\/title>\n<meta name=\"robots\" content=\"noindex, follow, max-snippet:-1, max-image-preview:large, max-video-preview:-1\" \/>\n<meta property=\"og:locale\" content=\"fr_FR\" \/>\n<meta property=\"og:type\" content=\"article\" \/>\n<meta property=\"og:title\" content=\"Politique de confidentialit\u00e9 - APNX | Build Your Story\" \/>\n<meta property=\"og:url\" content=\"https:\/\/demo.apnx.com\/fr\/privacy-policy\/\" \/>\n<meta property=\"og:site_name\" content=\"APNX | Build Your Story\" \/>\n<meta property=\"article:modified_time\" content=\"2023-10-27T03:06:08+00:00\" \/>\n<meta name=\"twitter:card\" content=\"summary_large_image\" \/>\n<meta name=\"twitter:label1\" content=\"Dur\u00e9e de lecture estim\u00e9e\" \/>\n\t<meta name=\"twitter:data1\" content=\"5 minutes\" \/>\n<script type=\"application\/ld+json\" class=\"yoast-schema-graph\">{\"@context\":\"https:\/\/schema.org\",\"@graph\":[{\"@type\":\"WebPage\",\"@id\":\"https:\/\/demo.apnx.com\/fr\/privacy-policy\/\",\"url\":\"https:\/\/demo.apnx.com\/fr\/privacy-policy\/\",\"name\":\"Politique de confidentialit\u00e9 - APNX | Build Your Story\",\"isPartOf\":{\"@id\":\"https:\/\/demo.apnx.com\/fr\/#website\"},\"datePublished\":\"2023-08-01T07:43:08+00:00\",\"dateModified\":\"2023-10-27T03:06:08+00:00\",\"breadcrumb\":{\"@id\":\"https:\/\/demo.apnx.com\/fr\/privacy-policy\/#breadcrumb\"},\"inLanguage\":\"fr-FR\",\"potentialAction\":[{\"@type\":\"ReadAction\",\"target\":[\"https:\/\/demo.apnx.com\/fr\/privacy-policy\/\"]}]},{\"@type\":\"BreadcrumbList\",\"@id\":\"https:\/\/demo.apnx.com\/fr\/privacy-policy\/#breadcrumb\",\"itemListElement\":[{\"@type\":\"ListItem\",\"position\":1,\"name\":\"Home\",\"item\":\"https:\/\/www.apnx.com\/fr\/\"},{\"@type\":\"ListItem\",\"position\":2,\"name\":\"Politique de confidentialit\u00e9\"}]},{\"@type\":\"WebSite\",\"@id\":\"https:\/\/demo.apnx.com\/fr\/#website\",\"url\":\"https:\/\/demo.apnx.com\/fr\/\",\"name\":\"APNX | Build Your Story\",\"description\":\"APNX | Build Your Story\",\"potentialAction\":[{\"@type\":\"SearchAction\",\"target\":{\"@type\":\"EntryPoint\",\"urlTemplate\":\"https:\/\/demo.apnx.com\/fr\/?s={search_term_string}\"},\"query-input\":{\"@type\":\"PropertyValueSpecification\",\"valueRequired\":true,\"valueName\":\"search_term_string\"}}],\"inLanguage\":\"fr-FR\"}]}<\/script>\n<!-- \/ Yoast SEO plugin. -->","yoast_head_json":{"title":"Politique de confidentialit\u00e9 - APNX | Build Your Story","robots":{"index":"noindex","follow":"follow","max-snippet":"max-snippet:-1","max-image-preview":"max-image-preview:large","max-video-preview":"max-video-preview:-1"},"og_locale":"fr_FR","og_type":"article","og_title":"Politique de confidentialit\u00e9 - APNX | Build Your Story","og_url":"https:\/\/demo.apnx.com\/fr\/privacy-policy\/","og_site_name":"APNX | Build Your Story","article_modified_time":"2023-10-27T03:06:08+00:00","twitter_card":"summary_large_image","twitter_misc":{"Dur\u00e9e de lecture estim\u00e9e":"5 minutes"},"schema":{"@context":"https:\/\/schema.org","@graph":[{"@type":"WebPage","@id":"https:\/\/demo.apnx.com\/fr\/privacy-policy\/","url":"https:\/\/demo.apnx.com\/fr\/privacy-policy\/","name":"Politique de confidentialit\u00e9 - APNX | Build Your Story","isPartOf":{"@id":"https:\/\/demo.apnx.com\/fr\/#website"},"datePublished":"2023-08-01T07:43:08+00:00","dateModified":"2023-10-27T03:06:08+00:00","breadcrumb":{"@id":"https:\/\/demo.apnx.com\/fr\/privacy-policy\/#breadcrumb"},"inLanguage":"fr-FR","potentialAction":[{"@type":"ReadAction","target":["https:\/\/demo.apnx.com\/fr\/privacy-policy\/"]}]},{"@type":"BreadcrumbList","@id":"https:\/\/demo.apnx.com\/fr\/privacy-policy\/#breadcrumb","itemListElement":[{"@type":"ListItem","position":1,"name":"Home","item":"https:\/\/www.apnx.com\/fr\/"},{"@type":"ListItem","position":2,"name":"Politique de confidentialit\u00e9"}]},{"@type":"WebSite","@id":"https:\/\/demo.apnx.com\/fr\/#website","url":"https:\/\/demo.apnx.com\/fr\/","name":"APNX | Build Your Story","description":"APNX | Build Your Story","potentialAction":[{"@type":"SearchAction","target":{"@type":"EntryPoint","urlTemplate":"https:\/\/demo.apnx.com\/fr\/?s={search_term_string}"},"query-input":{"@type":"PropertyValueSpecification","valueRequired":true,"valueName":"search_term_string"}}],"inLanguage":"fr-FR"}]}},"_links":{"self":[{"href":"https:\/\/demo.apnx.com\/fr\/wp-json\/wp\/v2\/pages\/6277","targetHints":{"allow":["GET"]}}],"collection":[{"href":"https:\/\/demo.apnx.com\/fr\/wp-json\/wp\/v2\/pages"}],"about":[{"href":"https:\/\/demo.apnx.com\/fr\/wp-json\/wp\/v2\/types\/page"}],"author":[{"embeddable":true,"href":"https:\/\/demo.apnx.com\/fr\/wp-json\/wp\/v2\/users\/1"}],"replies":[{"embeddable":true,"href":"https:\/\/demo.apnx.com\/fr\/wp-json\/wp\/v2\/comments?post=6277"}],"version-history":[{"count":3,"href":"https:\/\/demo.apnx.com\/fr\/wp-json\/wp\/v2\/pages\/6277\/revisions"}],"predecessor-version":[{"id":6280,"href":"https:\/\/demo.apnx.com\/fr\/wp-json\/wp\/v2\/pages\/6277\/revisions\/6280"}],"wp:attachment":[{"href":"https:\/\/demo.apnx.com\/fr\/wp-json\/wp\/v2\/media?parent=6277"}],"curies":[{"name":"wp","href":"https:\/\/api.w.org\/{rel}","templated":true}]}}