{"id":6611,"date":"2023-10-02T02:35:01","date_gmt":"2023-10-02T02:35:01","guid":{"rendered":"https:\/\/demo.apnx.com\/brand-story\/"},"modified":"2023-10-27T07:57:59","modified_gmt":"2023-10-27T07:57:59","slug":"brand-story","status":"publish","type":"page","link":"https:\/\/demo.apnx.com\/fr\/brand-story\/","title":{"rendered":"Brand Story"},"content":{"rendered":"<section class=\"l-section wpb_row hide_on_default hide_on_laptops hide_on_tablets height_medium\"><div class=\"l-section-h i-cf\"><div class=\"g-cols vc_row via_flex valign_top type_default stacking_default\"><div class=\"vc_col-sm-12 wpb_column vc_column_container\"><div class=\"vc_column-inner\"><div class=\"wpb_wrapper\"><div class=\"w-image align_none\"><div class=\"w-image-h\"><img decoding=\"async\" width=\"768\" height=\"500\" src=\"https:\/\/demo.apnx.com\/wp-content\/uploads\/2023\/09\/apnx_about_logo_BGRD.webp\" class=\"attachment-full size-full\" alt=\"\" loading=\"lazy\" srcset=\"https:\/\/demo.apnx.com\/wp-content\/uploads\/2023\/09\/apnx_about_logo_BGRD.webp 768w, https:\/\/demo.apnx.com\/wp-content\/uploads\/2023\/09\/apnx_about_logo_BGRD-600x391.webp 600w, https:\/\/demo.apnx.com\/wp-content\/uploads\/2023\/09\/apnx_about_logo_BGRD-500x326.webp 500w\" sizes=\"auto, (max-width: 768px) 100vw, 768px\" \/><\/div><\/div><\/div><\/div><\/div><\/div><\/div><\/section><section class=\"l-section wpb_row height_medium\"><div class=\"l-section-h i-cf\"><div class=\"g-cols vc_row via_flex valign_top type_default stacking_default\"><div class=\"vc_col-sm-12 wpb_column vc_column_container\"><div class=\"vc_column-inner\"><div class=\"wpb_wrapper\"><div class=\"w-separator size_custom\" style=\"height:18rem\"><\/div><div class=\"g-cols wpb_row via_flex valign_top type_default stacking_default\"><div class=\"vc_col-sm-6 wpb_column vc_column_container\"><div class=\"vc_column-inner\"><div class=\"wpb_wrapper\">[vc_custom_heading text=\u00a0\u00bbHistoire de la marque\u00a0\u00bb font_container=\u00a0\u00bbtag:div|text_align:left\u00a0\u00bb css=\u00a0\u00bb%7B%22default%22%3A%7B%22color%22%3A%22%23fafafc%22%2C%22font-size%22%3A%222rem%22%2C%22font-family%22%3A%22body%22%2C%22font-weight%22%3A%22400%22%7D%7D\u00a0\u00bb]<\/div><\/div><\/div><div class=\"vc_col-sm-6 wpb_column vc_column_container\"><div class=\"vc_column-inner\"><div class=\"wpb_wrapper\"><\/div><\/div><\/div><\/div><div class=\"w-separator size_custom\" style=\"height:8rem\"><\/div><\/div><\/div><\/div><\/div><\/div><\/section><!-- Row Backgrounds --><div class=\"upb_bg_img\" data-ultimate-bg=\"url(https:\/\/demo.apnx.com\/wp-content\/uploads\/2023\/09\/apnx_about_logo_BG.webp)\" data-image-id=\"id^314|url^https:\/\/demo.apnx.com\/wp-content\/uploads\/2023\/09\/apnx_about_logo_BG.webp|caption^null|alt^null|title^apnx_about_logo_BG|description^null\" data-ultimate-bg-style=\"vcpb-default\" data-bg-img-repeat=\"no-repeat\" data-bg-img-size=\"cover\" data-bg-img-position=\"\" data-parallx_sense=\"30\" data-bg-override=\"0\" data-bg_img_attach=\"scroll\" data-upb-overlay-color=\"\" data-upb-bg-animation=\"\" data-fadeout=\"\" data-bg-animation=\"left-animation\" data-bg-animation-type=\"h\" data-animation-repeat=\"repeat\" data-fadeout-percentage=\"30\" data-parallax-content=\"\" data-parallax-content-sense=\"30\" data-row-effect-mobile-disable=\"true\" data-img-parallax-mobile-disable=\"true\" data-rtl=\"false\"  data-custom-vc-row=\"\"  data-vc=\"8.0\"  data-is_old_vc=\"\"  data-theme-support=\"\"   data-overlay=\"false\" data-overlay-color=\"\" data-overlay-pattern=\"\" data-overlay-pattern-opacity=\"\" data-overlay-pattern-size=\"\"    ><\/div><section class=\"l-section wpb_row us_custom_e4eb24e1 height_medium\"><div class=\"l-section-h i-cf\"><div class=\"g-cols vc_row via_flex valign_top type_default stacking_default\"><div class=\"vc_col-sm-12 wpb_column vc_column_container\"><div class=\"vc_column-inner\"><div class=\"wpb_wrapper\"><div class=\"g-cols wpb_row via_flex valign_top type_default stacking_default\"><div class=\"vc_col-sm-2 wpb_column vc_column_container\"><div class=\"vc_column-inner\"><div class=\"wpb_wrapper\"><\/div><\/div><\/div><div class=\"vc_col-sm-8 wpb_column vc_column_container\"><div class=\"vc_column-inner\"><div class=\"wpb_wrapper\"><div class=\"wpb_text_column\"><div class=\"wpb_wrapper\"><p>\u00ab Advanced Performance Nexus \u00bb repr\u00e9sente une approche d\u00e9di\u00e9e \u00e0 la fourniture de mat\u00e9riel informatique de haute qualit\u00e9 en combinant les derni\u00e8res technologies grand public avec notre marque signature en mati\u00e8re d&rsquo;esth\u00e9tique architecturale. APNX est soutenu par une \u00e9quipe d&rsquo;experts de l&rsquo;industrie avec une vaste exp\u00e9rience dans ce domaine. Chaque membre apporte \u00e0 la marque une richesse de connaissances et d&rsquo;expertise. Cette exp\u00e9rience collective garantit que nos produits sont con\u00e7us avec la plus grande pr\u00e9cision et la plus grande attention, et cela est clairement refl\u00e9t\u00e9 dans la qualit\u00e9 gen\u00e9rale. Lorsque vous choisissez APNX, vous n&rsquo;achetez pas seulement du mat\u00e9riel, vous investissez dans un \u00e9cosyst\u00e8me soigneusement s\u00e9lectionn\u00e9 o\u00f9 des performances fiables, un design visionnaire et un savoir-faire irr\u00e9prochable sont tous combin\u00e9s parfaitement. Nous vous invitons \u00e0 rejoindre le Nexus et \u00e0 augmenter votre exp\u00e9rience informatique au niveau de l\u2019art.<\/p>\n<\/div><\/div><\/div><\/div><\/div><div class=\"vc_col-sm-2 wpb_column vc_column_container\"><div class=\"vc_column-inner\"><div class=\"wpb_wrapper\"><\/div><\/div><\/div><\/div><div class=\"w-separator size_medium\"><\/div><div class=\"g-cols wpb_row via_flex valign_top type_default stacking_default\"><div class=\"vc_col-sm-7 wpb_column vc_column_container\"><div class=\"vc_column-inner\"><div class=\"wpb_wrapper\"><div class=\"wpb_text_column\"><div class=\"wpb_wrapper\"><h2>Philosophie de conception :<\/h2>\n<p>La philosophie de conception d&rsquo;APNX est bas\u00e9e sur une attention m\u00e9ticuleuse aux d\u00e9tails, alliant forme et fonction de mani\u00e8re transparente. Cette approche offre plusieurs avantages \u00e0 notre public cible :<\/p>\n<ul>\n<li><em>Enhanced User Experience<\/em>: Les produits d\u2019APNX sont centr\u00e9s sur l&rsquo;utilisateur, con\u00e7us pour simplifier la construction d&rsquo;un PC, rendant cela plus accessible et plus agr\u00e9able aux utilisateurs de tous niveaux.<\/li>\n<li><em>Excellence avec un design \u00e9l\u00e9gant et intuitif<\/em>: APNX priorise une esth\u00e9tique propre et sophistiqu\u00e9e dans la conception de ses produits, am\u00e9liorant ainsi le look visuel des PC et les int\u00e9grant de mani\u00e8re transparente dans n&rsquo;importe quel environnement.<\/li>\n<li><em>Optimisation des performances:<\/em> Notre philosophie de conception int\u00e8gre l&rsquo;optimisation des performances thermiques, garantissant que le mat\u00e9riel d\u2019APNX fonctionne toujours de mani\u00e8re efficace et fiable.<\/li>\n<\/ul>\n<\/div><\/div><div class=\"wpb_text_column\"><div class=\"wpb_wrapper\"><h2>Construisez votre histoire :<\/h2>\n<p>Chez APNX, nous nous effor\u00e7ons d&rsquo;\u00eatre le point de rencontre de la performance et de l&rsquo;esth\u00e9tique dans votre aventure informatique. Nous imaginons un monde harmonieux o\u00f9 la technologie PC de pointe se marie sans effort avec un design \u00e9l\u00e9gant. Que vous soyez un joueur, un cr\u00e9ateur de contenu, un passionn\u00e9 de PC ou un professionnel, notre mission est de vous offrir un mat\u00e9riel de haute qualit\u00e9 qui non seulement augmente votre productivit\u00e9, votre cr\u00e9ativit\u00e9 et votre plaisir, mais enrichit \u00e9galement votre vie. En choisissant m\u00e9ticuleusement des mat\u00e9riaux de haute qualit\u00e9 et en adh\u00e9rant \u00e0 des processus de fabrication rigoureux, nous garantissons un niveau de fabrication \u00e0 l&rsquo;\u00e9preuve du temps, en conservant toujours une esth\u00e9tique propre et sophistiqu\u00e9e. Nos produits sont con\u00e7us pour \u00eatre conviviaux et s&rsquo;int\u00e8grent facilement dans divers environnements de travail ou de loisirs. Nous croyons fermement que lorsque vous \u00eates plus performant et plus content, que vous serez plus productif. Notre gamme de produits occupe l&rsquo;espace unique o\u00f9 la performance fiable croise le savoir-faire artisanal, faisant des mat\u00e9riaux d\u2019APNX un outil int\u00e9gral pour \u00e9crire votre histoire.<\/p>\n<\/div><\/div><\/div><\/div><\/div><div class=\"vc_col-sm-5 wpb_column vc_column_container\"><div class=\"vc_column-inner\"><div class=\"wpb_wrapper\"><\/div><\/div><\/div><\/div><\/div><\/div><\/div><\/div><\/div><\/section>\n","protected":false},"excerpt":{"rendered":"[vc_custom_heading text=\"Histoire de la marque\" font_container=\"tag:div|text_align:left\" css=\"%7B%22default%22%3A%7B%22color%22%3A%22%23fafafc%22%2C%22font-size%22%3A%222rem%22%2C%22font-family%22%3A%22body%22%2C%22font-weight%22%3A%22400%22%7D%7D\"]\u00ab Advanced Performance Nexus \u00bb repr\u00e9sente une approche d\u00e9di\u00e9e \u00e0 la fourniture de mat\u00e9riel informatique de haute qualit\u00e9 en combinant les derni\u00e8res technologies grand public avec notre marque signature en mati\u00e8re d&rsquo;esth\u00e9tique architecturale. APNX est soutenu par une \u00e9quipe d&rsquo;experts de l&rsquo;industrie avec une vaste exp\u00e9rience dans ce domaine....","protected":false},"author":4,"featured_media":0,"parent":0,"menu_order":0,"comment_status":"closed","ping_status":"closed","template":"","meta":{"footnotes":""},"class_list":["post-6611","page","type-page","status-publish","hentry"],"yoast_head":"<!-- This site is optimized with the Yoast SEO plugin v23.8 - https:\/\/yoast.com\/wordpress\/plugins\/seo\/ -->\n<title>Brand Story - APNX | Build Your Story<\/title>\n<meta name=\"robots\" content=\"noindex, follow, max-snippet:-1, max-image-preview:large, max-video-preview:-1\" \/>\n<meta property=\"og:locale\" content=\"fr_FR\" \/>\n<meta property=\"og:type\" content=\"article\" \/>\n<meta property=\"og:title\" content=\"Brand Story - APNX | Build Your Story\" \/>\n<meta property=\"og:url\" content=\"https:\/\/demo.apnx.com\/fr\/brand-story\/\" \/>\n<meta property=\"og:site_name\" content=\"APNX | Build Your Story\" \/>\n<meta property=\"article:modified_time\" content=\"2023-10-27T07:57:59+00:00\" \/>\n<meta name=\"twitter:card\" content=\"summary_large_image\" \/>\n<meta name=\"twitter:label1\" content=\"Dur\u00e9e de lecture estim\u00e9e\" \/>\n\t<meta name=\"twitter:data1\" content=\"4 minutes\" \/>\n<script type=\"application\/ld+json\" class=\"yoast-schema-graph\">{\"@context\":\"https:\/\/schema.org\",\"@graph\":[{\"@type\":\"WebPage\",\"@id\":\"https:\/\/demo.apnx.com\/fr\/brand-story\/\",\"url\":\"https:\/\/demo.apnx.com\/fr\/brand-story\/\",\"name\":\"Brand Story - APNX | Build Your Story\",\"isPartOf\":{\"@id\":\"https:\/\/demo.apnx.com\/fr\/#website\"},\"datePublished\":\"2023-10-02T02:35:01+00:00\",\"dateModified\":\"2023-10-27T07:57:59+00:00\",\"breadcrumb\":{\"@id\":\"https:\/\/demo.apnx.com\/fr\/brand-story\/#breadcrumb\"},\"inLanguage\":\"fr-FR\",\"potentialAction\":[{\"@type\":\"ReadAction\",\"target\":[\"https:\/\/demo.apnx.com\/fr\/brand-story\/\"]}]},{\"@type\":\"BreadcrumbList\",\"@id\":\"https:\/\/demo.apnx.com\/fr\/brand-story\/#breadcrumb\",\"itemListElement\":[{\"@type\":\"ListItem\",\"position\":1,\"name\":\"Home\",\"item\":\"https:\/\/www.apnx.com\/fr\/\"},{\"@type\":\"ListItem\",\"position\":2,\"name\":\"Brand Story\"}]},{\"@type\":\"WebSite\",\"@id\":\"https:\/\/demo.apnx.com\/fr\/#website\",\"url\":\"https:\/\/demo.apnx.com\/fr\/\",\"name\":\"APNX | Build Your Story\",\"description\":\"APNX | Build Your Story\",\"potentialAction\":[{\"@type\":\"SearchAction\",\"target\":{\"@type\":\"EntryPoint\",\"urlTemplate\":\"https:\/\/demo.apnx.com\/fr\/?s={search_term_string}\"},\"query-input\":{\"@type\":\"PropertyValueSpecification\",\"valueRequired\":true,\"valueName\":\"search_term_string\"}}],\"inLanguage\":\"fr-FR\"}]}<\/script>\n<!-- \/ Yoast SEO plugin. -->","yoast_head_json":{"title":"Brand Story - APNX | Build Your Story","robots":{"index":"noindex","follow":"follow","max-snippet":"max-snippet:-1","max-image-preview":"max-image-preview:large","max-video-preview":"max-video-preview:-1"},"og_locale":"fr_FR","og_type":"article","og_title":"Brand Story - APNX | Build Your Story","og_url":"https:\/\/demo.apnx.com\/fr\/brand-story\/","og_site_name":"APNX | Build Your Story","article_modified_time":"2023-10-27T07:57:59+00:00","twitter_card":"summary_large_image","twitter_misc":{"Dur\u00e9e de lecture estim\u00e9e":"4 minutes"},"schema":{"@context":"https:\/\/schema.org","@graph":[{"@type":"WebPage","@id":"https:\/\/demo.apnx.com\/fr\/brand-story\/","url":"https:\/\/demo.apnx.com\/fr\/brand-story\/","name":"Brand Story - APNX | Build Your Story","isPartOf":{"@id":"https:\/\/demo.apnx.com\/fr\/#website"},"datePublished":"2023-10-02T02:35:01+00:00","dateModified":"2023-10-27T07:57:59+00:00","breadcrumb":{"@id":"https:\/\/demo.apnx.com\/fr\/brand-story\/#breadcrumb"},"inLanguage":"fr-FR","potentialAction":[{"@type":"ReadAction","target":["https:\/\/demo.apnx.com\/fr\/brand-story\/"]}]},{"@type":"BreadcrumbList","@id":"https:\/\/demo.apnx.com\/fr\/brand-story\/#breadcrumb","itemListElement":[{"@type":"ListItem","position":1,"name":"Home","item":"https:\/\/www.apnx.com\/fr\/"},{"@type":"ListItem","position":2,"name":"Brand Story"}]},{"@type":"WebSite","@id":"https:\/\/demo.apnx.com\/fr\/#website","url":"https:\/\/demo.apnx.com\/fr\/","name":"APNX | Build Your Story","description":"APNX | Build Your Story","potentialAction":[{"@type":"SearchAction","target":{"@type":"EntryPoint","urlTemplate":"https:\/\/demo.apnx.com\/fr\/?s={search_term_string}"},"query-input":{"@type":"PropertyValueSpecification","valueRequired":true,"valueName":"search_term_string"}}],"inLanguage":"fr-FR"}]}},"_links":{"self":[{"href":"https:\/\/demo.apnx.com\/fr\/wp-json\/wp\/v2\/pages\/6611","targetHints":{"allow":["GET"]}}],"collection":[{"href":"https:\/\/demo.apnx.com\/fr\/wp-json\/wp\/v2\/pages"}],"about":[{"href":"https:\/\/demo.apnx.com\/fr\/wp-json\/wp\/v2\/types\/page"}],"author":[{"embeddable":true,"href":"https:\/\/demo.apnx.com\/fr\/wp-json\/wp\/v2\/users\/4"}],"replies":[{"embeddable":true,"href":"https:\/\/demo.apnx.com\/fr\/wp-json\/wp\/v2\/comments?post=6611"}],"version-history":[{"count":5,"href":"https:\/\/demo.apnx.com\/fr\/wp-json\/wp\/v2\/pages\/6611\/revisions"}],"predecessor-version":[{"id":6616,"href":"https:\/\/demo.apnx.com\/fr\/wp-json\/wp\/v2\/pages\/6611\/revisions\/6616"}],"wp:attachment":[{"href":"https:\/\/demo.apnx.com\/fr\/wp-json\/wp\/v2\/media?parent=6611"}],"curies":[{"name":"wp","href":"https:\/\/api.w.org\/{rel}","templated":true}]}}