{"id":6217,"date":"2023-08-01T07:43:08","date_gmt":"2023-08-01T07:43:08","guid":{"rendered":"https:\/\/demo.apnx.com\/privacy-policy\/"},"modified":"2023-10-27T02:51:42","modified_gmt":"2023-10-27T02:51:42","slug":"privacy-policy","status":"publish","type":"page","link":"https:\/\/demo.apnx.com\/pt-pt\/privacy-policy\/","title":{"rendered":"Pol\u00edtica de privacidade"},"content":{"rendered":"<section class=\"l-section wpb_row height_medium width_custom with_img\" style=\"--site-content-width:1330px;\"><div class=\"l-section-img\" role=\"img\" data-img-width=\"1920\" data-img-height=\"1080\" style=\"background-image: url(https:\/\/demo.apnx.com\/wp-content\/uploads\/2023\/10\/apnx_logo_BG_2.jpg);\"><\/div><div class=\"l-section-h i-cf\"><div class=\"g-cols vc_row via_flex valign_middle type_default stacking_default\"><div class=\"vc_col-sm-12 wpb_column vc_column_container\"><div class=\"vc_column-inner\"><div class=\"wpb_wrapper\"><div class=\"g-cols wpb_row via_flex valign_top type_default stacking_default\"><div class=\"vc_col-sm-12 wpb_column vc_column_container\"><div class=\"vc_column-inner\"><div class=\"wpb_wrapper\"><div class=\"wpb_text_column\"><div class=\"wpb_wrapper\"><p>A privacidade do utilizador \u00e9 muito importante para a APNX.<br \/>\nLeia a sec\u00e7\u00e3o seguinte para saber mais sobre a nossa pol\u00edtica de privacidade.<\/p>\n<\/div><\/div><\/div><\/div><\/div><\/div><\/div><\/div><\/div><\/div><\/div><\/section><section class=\"l-section wpb_row height_medium width_custom\" style=\"--site-content-width:1330px;\"><div class=\"l-section-h i-cf\"><div class=\"g-cols vc_row via_flex valign_middle type_default stacking_default\"><div class=\"vc_col-sm-12 wpb_column vc_column_container\"><div class=\"vc_column-inner\"><div class=\"wpb_wrapper\"><div class=\"g-cols wpb_row via_flex valign_middle type_default stacking_default\"><div class=\"vc_col-sm-12 wpb_column vc_column_container\"><div class=\"vc_column-inner\"><div class=\"wpb_wrapper\"><div class=\"wpb_text_column\"><div class=\"wpb_wrapper\"><p><strong>O que aborda esta pol\u00edtica de privacidade<\/strong><\/p>\n<ul>\n<li>Esta pol\u00edtica aborda a forma como a APNX trata as informa\u00e7\u00f5es pessoais que a APNX recolhe e recebe sobre o utilizador, incluindo informa\u00e7\u00f5es relacionadas com a sua anterior utiliza\u00e7\u00e3o dos produtos e servi\u00e7os APNX. As informa\u00e7\u00f5es pessoais s\u00e3o informa\u00e7\u00f5es que permitem identificar o utilizador, como o nome, morada, endere\u00e7o de e-mail ou n\u00famero de telefone, e que n\u00e3o est\u00e3o dispon\u00edveis publicamente de outra forma.<\/li>\n<li>Esta pol\u00edtica n\u00e3o se aplica \u00e0s pr\u00e1ticas de empresas que a APNX n\u00e3o det\u00e9m ou controla, ou \u00e0s pessoas que a APNX n\u00e3o emprega ou gere. Al\u00e9m disso, certas empresas associadas \u00e0 APNX podem ter as suas pr\u00f3prias declara\u00e7\u00f5es de privacidade.<\/li>\n<\/ul>\n<\/div><\/div><div class=\"wpb_text_column\"><div class=\"wpb_wrapper\"><p><strong>Recolha e utiliza\u00e7\u00e3o de informa\u00e7\u00f5es<\/strong><\/p>\n<ul>\n<li>A APNX recolhe e armazena as informa\u00e7\u00f5es pessoais do utilizador quando efetua o seu registo com a APNX, quando utiliza os produtos ou servi\u00e7os da APNX, quando visita as p\u00e1ginas da APNX ou as p\u00e1ginas de determinados parceiros da APNX, e quando participa em promo\u00e7\u00f5es ou sorteios.<\/li>\n<li>A APNX solicita ao utilizador que preencha algumas informa\u00e7\u00f5es pessoais, como nome, morada, endere\u00e7o de e-mail, data de nascimento, c\u00f3digo postal, profiss\u00e3o, ind\u00fastria, interesses pessoais e outras informa\u00e7\u00f5es sobre os ativos do utilizador quando o mesmo se regista no website da APNX, e as informa\u00e7\u00f5es acima referidas ser\u00e3o divulgadas \u00e0 APNX, armazenadas e utilizadas pela mesma com o consentimento do utilizador. O utilizador confirma o seu consentimento quando efetua o registo com \u00eaxito no nosso website. Quando se regista no nosso website e acede aos nossos servi\u00e7os, o utilizador deixa de ser um utilizador an\u00f3nimo da APNX.<\/li>\n<li>Para melhorar o servi\u00e7o e preservar uma comunica\u00e7\u00e3o de excel\u00eancia com os clientes, a APNX utiliza as informa\u00e7\u00f5es acima referidas para as seguintes finalidades gerais:\n<ul>\n<li>Para personalizar a publicidade e o conte\u00fado, satisfazer os pedidos de produtos e servi\u00e7os do utilizador, melhorar os nossos servi\u00e7os, entrar em contacto com o utilizador, realizar investiga\u00e7\u00f5es e fornecer relat\u00f3rios an\u00f3nimos a clientes internos e externos.<\/li>\n<li>Para recolher, armazenar e combinar as informa\u00e7\u00f5es e partilhar com os afiliados e parceiros de confian\u00e7a da APNX que trabalham com a APNX ou em nome da mesma ao abrigo de acordo de confidencialidade para estabelecer o sistema de gest\u00e3o p\u00fablica dos clientes. Estas empresas podem utilizar as informa\u00e7\u00f5es pessoais do utilizador para ajudar a APNX a comunicar com o utilizador sobre ofertas da APNX e dos nossos parceiros de marketing. No entanto, estas empresas n\u00e3o t\u00eam nenhum direito independente de partilhar estas informa\u00e7\u00f5es.<\/li>\n<li>Para comunicar com o utilizador ou confirmar o seu pedido atrav\u00e9s de question\u00e1rios online ap\u00f3s a utiliza\u00e7\u00e3o das informa\u00e7\u00f5es por parte de parceiros de neg\u00f3cios ou subcontratantes da APNX, ou para introduzir informa\u00e7\u00f5es sobre produtos, servi\u00e7os e vendas da APNX.<\/li>\n<\/ul>\n<\/li>\n<\/ul>\n<p>Considera-se que autoriza a APNX a recolher e utilizar as informa\u00e7\u00f5es acima referidas com base nesta pol\u00edtica de privacidade, por\u00e9m o utilizador continua a ter o direito de suprimir as informa\u00e7\u00f5es que forneceu \u00e0 APNX. Para proteger os direitos do utilizador, pode enviar um pedido de rescis\u00e3o \u00e0 APNX por e-mail com a sua assinatura. O seu pedido ser\u00e1 processado no prazo de sete (7) dias \u00fateis. A APNX ir\u00e1 tratar as suas informa\u00e7\u00f5es de acordo com as leis e regulamenta\u00e7\u00f5es da Rep\u00fablica da China (Taiwan).<\/p>\n<\/div><\/div><div class=\"wpb_text_column\"><div class=\"wpb_wrapper\"><p><strong>Cookies<\/strong><\/p>\n<p>Os cookies s\u00e3o pequenos arquivos que um site ou seu provedor de servi\u00e7os transfere para o disco r\u00edgido do seu computador por meio do seu navegador da web (se voc\u00ea permitir), o que permite que os sistemas do site ou do provedor de servi\u00e7os reconhe\u00e7am seu navegador e capturem e mantenham determinadas informa\u00e7\u00f5es. Por exemplo, utilizamos cookies para nos ajudar a coletar e processar os itens no seu carrinho de compras. Eles tamb\u00e9m s\u00e3o usados para nos ajudar a entender suas prefer\u00eancias com base em atividades anteriores ou atuais no site, o que nos permite fornecer servi\u00e7os aprimorados. Tamb\u00e9m utilizamos cookies para compilar dados agregados sobre o tr\u00e1fego do site e a intera\u00e7\u00e3o do site, para que possamos oferecer melhores experi\u00eancias de utiliza\u00e7\u00e3o do site e melhores ferramentas no futuro.<\/p>\n<p><strong>Utilizamos cookies para:<\/strong><\/p>\n<ul>\n<li>Determinar e guardar as prefer\u00eancias do utilizador para visitas futuras.<\/li>\n<li>Monitorizar a publicidade.<\/li>\n<\/ul>\n<p>O utilizador pode optar por ser avisado pelo computador sempre que um cookie \u00e9 enviado, ou pode escolher desativar todos os cookies. Pode faz\u00ea-lo atrav\u00e9s das defini\u00e7\u00f5es do seu navegador (por exemplo: Internet Explorer). Cada navegador possui defini\u00e7\u00f5es diferentes, portanto consulte o menu Ajuda do navegador para saber como modificar os seus cookies. Se desativar os cookies, algumas funcionalidades podem afetar a efici\u00eancia da experi\u00eancia no site e alguns dos nossos servi\u00e7os podem funcionar incorretamente.<\/p>\n<\/div><\/div><div class=\"wpb_text_column\"><div class=\"wpb_wrapper\"><p><strong>Isen\u00e7\u00e3o de responsabilidade<\/strong><\/p>\n<p>Este website \u00e9 da propriedade da APNX, mas a APNX n\u00e3o garante qualquer seguran\u00e7a, privacidade ou outros conte\u00fados relevantes de outros websites ligados a este website, e nenhum trabalhador, ag\u00eancia ou parceria foi criada atrav\u00e9s pelas liga\u00e7\u00f5es.<\/p>\n<p><strong>Confidencialidade e seguran\u00e7a<\/strong><\/p>\n<ul>\n<li>Para proteger a seguran\u00e7a e privacidade do utilizador, as suas informa\u00e7\u00f5es na Conta APNX ser\u00e3o protegidas por palavra-passe.<\/li>\n<li>Ocasionalmente, a APNX utilizar\u00e1 o sistema de seguran\u00e7a SSL para proteger as informa\u00e7\u00f5es durante a transmiss\u00e3o.<\/li>\n<li>Limitamos o acesso \u00e0s informa\u00e7\u00f5es pessoais do utilizador aos trabalhadores que consideramos razoavelmente necess\u00e1rios para entrar em contacto com essas informa\u00e7\u00f5es para fornecer produtos ou servi\u00e7os ao utilizador ou para desempenharem as suas fun\u00e7\u00f5es.<\/li>\n<li>Dispomos de medidas de seguran\u00e7a f\u00edsicas, eletr\u00f3nicas e processuais que cumprem os regulamentos federais para proteger as informa\u00e7\u00f5es pessoais do utilizador.<\/li>\n<\/ul>\n<\/div><\/div><div class=\"wpb_text_column\"><div class=\"wpb_wrapper\"><p><strong>Altera\u00e7\u00f5es a esta pol\u00edtica de privacidade<\/strong><\/p>\n<p>A APNX reserva o direito de modificar ou descontinuar esta pol\u00edtica para fazer face a qualquer situa\u00e7\u00e3o atual que surja. Recomendamos que leia atentamente esta pol\u00edtica sempre que necess\u00e1rio para fazer face a qualquer situa\u00e7\u00e3o nova. Qualquer altera\u00e7\u00e3o significativa ser\u00e1 anunciada neste website.<\/p>\n<p><strong>Perguntas e sugest\u00f5es<\/strong><\/p>\n<p>Se tiver alguma d\u00favida ou sugest\u00e3o, n\u00e3o hesite em contactar-nos da seguinte forma:<\/p>\n<ol>\n<li>Por e-mail: <span style=\"color: #1e1e1e;\"><a style=\"color: #1e1e1e;\" href=\"mailto:info@apnxdrive.onmicrosoft.com\">info@apnxdrive.onmicrosoft.com<\/a><\/span><\/li>\n<li>By mail: Receiver &#8211; Aerocool Advanced Technologies Corp. Privacy Policy Issues Mail.<br \/>\nMailing address \u2013 3F. -6, No. 79, Sec. 1, Xintai 5th Rd., Xizhi Dist., New Taipei City 22010, Taiwan(R.O.C.).<\/li>\n<li>By phone:+886-2- 8698-1088<\/li>\n<li>By fax: +886-2- 8698-1082<\/li>\n<\/ol>\n<\/div><\/div><\/div><\/div><\/div><\/div><\/div><\/div><\/div><\/div><\/div><\/section>\n","protected":false},"excerpt":{"rendered":"A privacidade do utilizador \u00e9 muito importante para a APNX. Leia a sec\u00e7\u00e3o seguinte para saber mais sobre a nossa pol\u00edtica de privacidade. O que aborda esta pol\u00edtica de privacidade Esta pol\u00edtica aborda a forma como a APNX trata as informa\u00e7\u00f5es pessoais que a APNX recolhe e recebe sobre o utilizador, incluindo informa\u00e7\u00f5es relacionadas com...","protected":false},"author":1,"featured_media":0,"parent":0,"menu_order":0,"comment_status":"closed","ping_status":"open","template":"","meta":{"footnotes":""},"class_list":["post-6217","page","type-page","status-publish","hentry"],"yoast_head":"<!-- This site is optimized with the Yoast SEO plugin v23.8 - https:\/\/yoast.com\/wordpress\/plugins\/seo\/ -->\n<title>Pol\u00edtica de privacidade - APNX | Build Your Story<\/title>\n<meta name=\"robots\" content=\"noindex, follow, max-snippet:-1, max-image-preview:large, max-video-preview:-1\" \/>\n<meta property=\"og:locale\" content=\"pt_PT\" \/>\n<meta property=\"og:type\" content=\"article\" \/>\n<meta property=\"og:title\" content=\"Pol\u00edtica de privacidade - APNX | Build Your Story\" \/>\n<meta property=\"og:url\" content=\"https:\/\/demo.apnx.com\/pt-pt\/privacy-policy\/\" \/>\n<meta property=\"og:site_name\" content=\"APNX | Build Your Story\" \/>\n<meta property=\"article:modified_time\" content=\"2023-10-27T02:51:42+00:00\" \/>\n<meta name=\"twitter:card\" content=\"summary_large_image\" \/>\n<meta name=\"twitter:label1\" content=\"Tempo estimado de leitura\" \/>\n\t<meta name=\"twitter:data1\" content=\"5 minutos\" \/>\n<script type=\"application\/ld+json\" class=\"yoast-schema-graph\">{\"@context\":\"https:\/\/schema.org\",\"@graph\":[{\"@type\":\"WebPage\",\"@id\":\"https:\/\/demo.apnx.com\/pt-pt\/privacy-policy\/\",\"url\":\"https:\/\/demo.apnx.com\/pt-pt\/privacy-policy\/\",\"name\":\"Pol\u00edtica de privacidade - APNX | Build Your Story\",\"isPartOf\":{\"@id\":\"https:\/\/demo.apnx.com\/pt-pt\/#website\"},\"datePublished\":\"2023-08-01T07:43:08+00:00\",\"dateModified\":\"2023-10-27T02:51:42+00:00\",\"breadcrumb\":{\"@id\":\"https:\/\/demo.apnx.com\/pt-pt\/privacy-policy\/#breadcrumb\"},\"inLanguage\":\"pt-PT\",\"potentialAction\":[{\"@type\":\"ReadAction\",\"target\":[\"https:\/\/demo.apnx.com\/pt-pt\/privacy-policy\/\"]}]},{\"@type\":\"BreadcrumbList\",\"@id\":\"https:\/\/demo.apnx.com\/pt-pt\/privacy-policy\/#breadcrumb\",\"itemListElement\":[{\"@type\":\"ListItem\",\"position\":1,\"name\":\"Home\",\"item\":\"https:\/\/www.apnx.com\/pt-pt\/\"},{\"@type\":\"ListItem\",\"position\":2,\"name\":\"Pol\u00edtica de privacidade\"}]},{\"@type\":\"WebSite\",\"@id\":\"https:\/\/demo.apnx.com\/pt-pt\/#website\",\"url\":\"https:\/\/demo.apnx.com\/pt-pt\/\",\"name\":\"APNX | Build Your Story\",\"description\":\"APNX | Build Your Story\",\"potentialAction\":[{\"@type\":\"SearchAction\",\"target\":{\"@type\":\"EntryPoint\",\"urlTemplate\":\"https:\/\/demo.apnx.com\/pt-pt\/?s={search_term_string}\"},\"query-input\":{\"@type\":\"PropertyValueSpecification\",\"valueRequired\":true,\"valueName\":\"search_term_string\"}}],\"inLanguage\":\"pt-PT\"}]}<\/script>\n<!-- \/ Yoast SEO plugin. -->","yoast_head_json":{"title":"Pol\u00edtica de privacidade - APNX | Build Your Story","robots":{"index":"noindex","follow":"follow","max-snippet":"max-snippet:-1","max-image-preview":"max-image-preview:large","max-video-preview":"max-video-preview:-1"},"og_locale":"pt_PT","og_type":"article","og_title":"Pol\u00edtica de privacidade - APNX | Build Your Story","og_url":"https:\/\/demo.apnx.com\/pt-pt\/privacy-policy\/","og_site_name":"APNX | Build Your Story","article_modified_time":"2023-10-27T02:51:42+00:00","twitter_card":"summary_large_image","twitter_misc":{"Tempo estimado de leitura":"5 minutos"},"schema":{"@context":"https:\/\/schema.org","@graph":[{"@type":"WebPage","@id":"https:\/\/demo.apnx.com\/pt-pt\/privacy-policy\/","url":"https:\/\/demo.apnx.com\/pt-pt\/privacy-policy\/","name":"Pol\u00edtica de privacidade - APNX | Build Your Story","isPartOf":{"@id":"https:\/\/demo.apnx.com\/pt-pt\/#website"},"datePublished":"2023-08-01T07:43:08+00:00","dateModified":"2023-10-27T02:51:42+00:00","breadcrumb":{"@id":"https:\/\/demo.apnx.com\/pt-pt\/privacy-policy\/#breadcrumb"},"inLanguage":"pt-PT","potentialAction":[{"@type":"ReadAction","target":["https:\/\/demo.apnx.com\/pt-pt\/privacy-policy\/"]}]},{"@type":"BreadcrumbList","@id":"https:\/\/demo.apnx.com\/pt-pt\/privacy-policy\/#breadcrumb","itemListElement":[{"@type":"ListItem","position":1,"name":"Home","item":"https:\/\/www.apnx.com\/pt-pt\/"},{"@type":"ListItem","position":2,"name":"Pol\u00edtica de privacidade"}]},{"@type":"WebSite","@id":"https:\/\/demo.apnx.com\/pt-pt\/#website","url":"https:\/\/demo.apnx.com\/pt-pt\/","name":"APNX | Build Your Story","description":"APNX | Build Your Story","potentialAction":[{"@type":"SearchAction","target":{"@type":"EntryPoint","urlTemplate":"https:\/\/demo.apnx.com\/pt-pt\/?s={search_term_string}"},"query-input":{"@type":"PropertyValueSpecification","valueRequired":true,"valueName":"search_term_string"}}],"inLanguage":"pt-PT"}]}},"_links":{"self":[{"href":"https:\/\/demo.apnx.com\/pt-pt\/wp-json\/wp\/v2\/pages\/6217","targetHints":{"allow":["GET"]}}],"collection":[{"href":"https:\/\/demo.apnx.com\/pt-pt\/wp-json\/wp\/v2\/pages"}],"about":[{"href":"https:\/\/demo.apnx.com\/pt-pt\/wp-json\/wp\/v2\/types\/page"}],"author":[{"embeddable":true,"href":"https:\/\/demo.apnx.com\/pt-pt\/wp-json\/wp\/v2\/users\/1"}],"replies":[{"embeddable":true,"href":"https:\/\/demo.apnx.com\/pt-pt\/wp-json\/wp\/v2\/comments?post=6217"}],"version-history":[{"count":3,"href":"https:\/\/demo.apnx.com\/pt-pt\/wp-json\/wp\/v2\/pages\/6217\/revisions"}],"predecessor-version":[{"id":6229,"href":"https:\/\/demo.apnx.com\/pt-pt\/wp-json\/wp\/v2\/pages\/6217\/revisions\/6229"}],"wp:attachment":[{"href":"https:\/\/demo.apnx.com\/pt-pt\/wp-json\/wp\/v2\/media?parent=6217"}],"curies":[{"name":"wp","href":"https:\/\/api.w.org\/{rel}","templated":true}]}}