{"id":6306,"date":"2023-08-01T07:43:08","date_gmt":"2023-08-01T07:43:08","guid":{"rendered":"https:\/\/demo.apnx.com\/privacy-policy\/"},"modified":"2023-10-27T03:40:15","modified_gmt":"2023-10-27T03:40:15","slug":"privacy-policy","status":"publish","type":"page","link":"https:\/\/demo.apnx.com\/sv\/privacy-policy\/","title":{"rendered":"Sekretesspolicy"},"content":{"rendered":"<section class=\"l-section wpb_row height_medium width_custom with_img\" style=\"--site-content-width:1330px;\"><div class=\"l-section-img\" role=\"img\" data-img-width=\"1920\" data-img-height=\"1080\" style=\"background-image: url(https:\/\/demo.apnx.com\/wp-content\/uploads\/2023\/10\/apnx_logo_BG_2.jpg);\"><\/div><div class=\"l-section-h i-cf\"><div class=\"g-cols vc_row via_flex valign_middle type_default stacking_default\"><div class=\"vc_col-sm-12 wpb_column vc_column_container\"><div class=\"vc_column-inner\"><div class=\"wpb_wrapper\"><div class=\"g-cols wpb_row via_flex valign_top type_default stacking_default\"><div class=\"vc_col-sm-12 wpb_column vc_column_container\"><div class=\"vc_column-inner\"><div class=\"wpb_wrapper\"><div class=\"wpb_text_column\"><div class=\"wpb_wrapper\"><p>APNX tar din integritet p\u00e5 allvar.<br \/>\nL\u00e4s f\u00f6ljande f\u00f6r att f\u00e5 mer information om v\u00e5r sekretesspolicy.<\/p>\n<\/div><\/div><\/div><\/div><\/div><\/div><\/div><\/div><\/div><\/div><\/div><\/section><section class=\"l-section wpb_row height_medium width_custom\" style=\"--site-content-width:1330px;\"><div class=\"l-section-h i-cf\"><div class=\"g-cols vc_row via_flex valign_middle type_default stacking_default\"><div class=\"vc_col-sm-12 wpb_column vc_column_container\"><div class=\"vc_column-inner\"><div class=\"wpb_wrapper\"><div class=\"g-cols wpb_row via_flex valign_middle type_default stacking_default\"><div class=\"vc_col-sm-12 wpb_column vc_column_container\"><div class=\"vc_column-inner\"><div class=\"wpb_wrapper\"><div class=\"wpb_text_column\"><div class=\"wpb_wrapper\"><p><strong>Vad denna sekretesspolicy omfattar<\/strong><\/p>\n<ul>\n<li>Denna policy omfattar hur APNX behandlar personuppgifter som APNX samlar in och tar emot, inklusive information relaterad till din tidigare anv\u00e4ndning av APNX produkter och tj\u00e4nster. Personuppgifter \u00e4r uppgifter om dig som \u00e4r personligt identifierbara, t.ex. namn, adress, e-postadress eller telefonnummer, och som inte p\u00e5 annat s\u00e4tt \u00e4r allm\u00e4nt tillg\u00e4ngliga.<\/li>\n<li>Denna policy g\u00e4ller inte praxis f\u00f6r f\u00f6retag som APNX inte \u00e4ger eller kontrollerar, eller f\u00f6r personer som APNX inte anst\u00e4ller eller leder. Dessutom kan vissa APNX-associerade f\u00f6retag ha sina egna sekretesspolicyer.<\/li>\n<\/ul>\n<\/div><\/div><div class=\"wpb_text_column\"><div class=\"wpb_wrapper\"><p><strong>Insamling och anv\u00e4ndning av information<\/strong><\/p>\n<ul>\n<li>APNX samlar in och lagrar dina personuppgifter n\u00e4r du registrerar dig hos APNX, n\u00e4r du anv\u00e4nder APNX produkter eller tj\u00e4nster, bes\u00f6ker APNX sidor eller sidorna f\u00f6r vissa APNX partners, och deltar i kampanjer eller t\u00e4vlingar.<\/li>\n<li>APNX kommer att be dig fylla i viss personlig information s\u00e5som ditt namn, adress, e-postadress, f\u00f6delsedatum, k\u00f6n, postnummer, yrke, bransch, personliga intressen och annan information om dina tillg\u00e5ngar n\u00e4r du registrerar dig p\u00e5 v\u00e5r webbplats. Denna information kommer att delas med APNX, lagras och anv\u00e4ndas av APNX med ditt samtycke som grund. Ditt samtycke anses bekr\u00e4ftat n\u00e4r du framg\u00e5ngsrikt registrerar dig p\u00e5 v\u00e5r webbplats. N\u00e4r du registrerar dig p\u00e5 v\u00e5r webbplats och loggar in p\u00e5 v\u00e5ra tj\u00e4nster upph\u00f6r du att vara en anonym anv\u00e4ndare f\u00f6r APNX.<\/li>\n<li>F\u00f6r att f\u00f6rb\u00e4ttra servicen och uppr\u00e4tth\u00e5lla en utm\u00e4rkt kommunikation med kunderna kommer APNX att anv\u00e4nda ovann\u00e4mnda information f\u00f6r f\u00f6ljande allm\u00e4nna \u00e4ndam\u00e5l:\n<ul>\n<li>Anpassa reklam och inneh\u00e5ll, uppfylla dina \u00f6nskem\u00e5l om produkter och tj\u00e4nster, f\u00f6rb\u00e4ttra v\u00e5ra tj\u00e4nster, kontakta dig, bedriva forskning och tillhandah\u00e5lla anonyma rapporter f\u00f6r interna och externa kunder.<\/li>\n<li>F\u00f6r att samla in, lagra och kombinera informationen samt dela den med APNX:s samarbetspartners och p\u00e5litliga affilierade f\u00f6retag som arbetar p\u00e5 uppdrag av eller med APNX under sekretessavtal f\u00f6r att etablera kundens offentliga hanteringssystem. Dessa f\u00f6retag kan anv\u00e4nda din personliga information f\u00f6r att hj\u00e4lpa APNX att kommunicera med dig ang\u00e5ende erbjudanden fr\u00e5n APNX och v\u00e5ra marknadsf\u00f6ringspartners. Dessa f\u00f6retag har dock inte n\u00e5gon sj\u00e4lvst\u00e4ndig r\u00e4tt att dela denna information.<\/li>\n<li>F\u00f6r att kommunicera med dig eller bekr\u00e4fta din beg\u00e4ran genom onlineenk\u00e4ter n\u00e4r APNX:s aff\u00e4rspartner eller underleverant\u00f6r anv\u00e4nder informationen f\u00f6r att rekommendera eller introducera APNX:s produkter, tj\u00e4nster och f\u00f6rs\u00e4ljningsinformation.<\/li>\n<\/ul>\n<\/li>\n<\/ul>\n<p>Det skulle anses att du samtycker till att till\u00e5ta APNX att samla in och anv\u00e4nda ovann\u00e4mnda information baserat p\u00e5 denna sekretesspolicy, men du har fortfarande r\u00e4tt att dra tillbaka den information du har tillhandah\u00e5llit APNX. F\u00f6r att skydda dina r\u00e4ttigheter kan du skicka en beg\u00e4ran om \u00e5terkallelse till APNX via post med din underskrift p\u00e5. Din beg\u00e4ran kommer att behandlas inom sju (7) arbetsdagar. APNX kommer att behandla din information i enlighet med lagar och f\u00f6rordningar i Republiken Kina (Taiwan).<\/p>\n<\/div><\/div><div class=\"wpb_text_column\"><div class=\"wpb_wrapper\"><p><strong>Cookies<\/strong><\/p>\n<p>Cookies \u00e4r sm\u00e5 filer som en webbplats eller dess tj\u00e4nsteleverant\u00f6r \u00f6verf\u00f6r till din dators h\u00e5rddisk via din webbl\u00e4sare (om du till\u00e5ter det) och som g\u00f6r det m\u00f6jligt f\u00f6r webbplatsens eller tj\u00e4nsteleverant\u00f6rens system att k\u00e4nna igen din webbl\u00e4sare och samla in och beh\u00e5lla viss information. Vi anv\u00e4nder till exempel cookies f\u00f6r att samla in och bearbeta artiklarna i din kundvagn. De anv\u00e4nds ocks\u00e5 f\u00f6r att hj\u00e4lpa oss att f\u00f6rst\u00e5 dina preferenser baserat p\u00e5 tidigare eller nuvarande aktivitet p\u00e5 webbplatsen, vilket g\u00f6r att vi kan erbjuda dig f\u00f6rb\u00e4ttrade tj\u00e4nster. Vi anv\u00e4nder ocks\u00e5 cookies f\u00f6r att sammanst\u00e4lla aggregerade data om trafik och interaktion p\u00e5 webbplatsen s\u00e5 att vi kan erbjuda b\u00e4ttre upplevelser och verktyg i framtiden.<\/p>\n<p><strong>Vi anv\u00e4nder cookies f\u00f6r att:<\/strong><\/p>\n<ul>\n<li>F\u00f6rst\u00e5 och spara anv\u00e4ndarens preferenser f\u00f6r framtida bes\u00f6k.<\/li>\n<li>Sp\u00e5ra annonser.<\/li>\n<\/ul>\n<p>Du kan v\u00e4lja att din dator varnar dig varje g\u00e5ng en cookie skickas, eller s\u00e5 kan du v\u00e4lja att st\u00e4nga av alla cookies. Du kan g\u00f6ra detta via din webbl\u00e4sares inst\u00e4llningar (t.ex: Internet Explorer). Varje webbl\u00e4sare har olika inst\u00e4llningar, s\u00e5 titta i webbl\u00e4sarens hj\u00e4lpmeny f\u00f6r att l\u00e4ra dig hur du \u00e4ndrar dina cookies p\u00e5 r\u00e4tt s\u00e4tt. Om du inaktiverar cookies kanske vissa funktioner inte g\u00f6r din upplevelse av webbplatsen lika effektiv och vissa av v\u00e5ra tj\u00e4nster kanske inte fungerar korrekt.<\/p>\n<\/div><\/div><div class=\"wpb_text_column\"><div class=\"wpb_wrapper\"><p><strong>Icke-ansvar<\/strong><\/p>\n<p>Denna webbplats \u00e4gs av APNX, men APNX garanterar inte n\u00e5gon s\u00e4kerhet, sekretess eller annat relevant inneh\u00e5ll p\u00e5 de andra webbplatser som l\u00e4nkas av denna webbplats och ingen anst\u00e4lld, agentur, representant eller partnerskapsf\u00f6rh\u00e5llande skapades av l\u00e4nkarna.<\/p>\n<p><strong>Sekretess och s\u00e4kerhet<\/strong><\/p>\n<ul>\n<li>F\u00f6r att skydda din s\u00e4kerhet och sekretess kommer din information p\u00e5 APNX-kontot att skyddas av ett l\u00f6senord.<\/li>\n<li>I vissa fall anv\u00e4nder APNX SSL-s\u00e4kerhetssystem f\u00f6r att skydda informationen under \u00f6verf\u00f6ringen.<\/li>\n<li>Vi begr\u00e4nsar tillg\u00e5ngen till personuppgifter om dig till anst\u00e4llda som vi anser rimligen beh\u00f6ver komma i kontakt med den informationen f\u00f6r att tillhandah\u00e5lla produkter eller tj\u00e4nster till dig eller f\u00f6r att utf\u00f6ra sina arbetsuppgifter.<\/li>\n<li>Vi har fysiska, elektroniska och processuella skydds\u00e5tg\u00e4rder som \u00f6verensst\u00e4mmer med federala best\u00e4mmelser f\u00f6r att skydda dina personuppgifter.<\/li>\n<\/ul>\n<\/div><\/div><div class=\"wpb_text_column\"><div class=\"wpb_wrapper\"><p><strong>\u00c4ndringar av denna sekretesspolicy<\/strong><\/p>\n<p>APNX f\u00f6rbeh\u00e5ller sig r\u00e4tten att d\u00e5 och d\u00e5 \u00e4ndra eller upph\u00e4va denna policy f\u00f6r att hantera eventuella nya omst\u00e4ndigheter. Vi f\u00f6resl\u00e5r att du l\u00e4ser igenom denna policy noggrant n\u00e4r det \u00e4r n\u00f6dv\u00e4ndigt f\u00f6r att hantera eventuella nya villkor. Vi kommer att meddela om eventuella betydande \u00e4ndringar p\u00e5 denna webbplats.<\/p>\n<p><strong>Fr\u00e5gor och f\u00f6rslag<\/strong><\/p>\n<p>Om du har n\u00e5gra fr\u00e5gor eller f\u00f6rslag \u00e4r du v\u00e4lkommen att kontakta oss p\u00e5 f\u00f6ljande s\u00e4tt:<\/p>\n<ol>\n<li>Via e-post: <span style=\"color: #1e1e1e;\"><a style=\"color: #1e1e1e;\" href=\"mailto:info@apnxdrive.onmicrosoft.com\">info@apnxdrive.onmicrosoft.com<\/a><\/span><\/li>\n<li>By mail: Receiver &#8211; Aerocool Advanced Technologies Corp. Privacy Policy Issues Mail.<br \/>\nMailing address \u2013 3F. -6, No. 79, Sec. 1, Xintai 5th Rd., Xizhi Dist., New Taipei City 22010, Taiwan(R.O.C.).<\/li>\n<li>By phone:+886-2- 8698-1088<\/li>\n<li>By fax: +886-2- 8698-1082<\/li>\n<\/ol>\n<\/div><\/div><\/div><\/div><\/div><\/div><\/div><\/div><\/div><\/div><\/div><\/section>\n","protected":false},"excerpt":{"rendered":"APNX tar din integritet p\u00e5 allvar. L\u00e4s f\u00f6ljande f\u00f6r att f\u00e5 mer information om v\u00e5r sekretesspolicy. Vad denna sekretesspolicy omfattar Denna policy omfattar hur APNX behandlar personuppgifter som APNX samlar in och tar emot, inklusive information relaterad till din tidigare anv\u00e4ndning av APNX produkter och tj\u00e4nster. Personuppgifter \u00e4r uppgifter om dig som \u00e4r personligt identifierbara,...","protected":false},"author":1,"featured_media":0,"parent":0,"menu_order":0,"comment_status":"closed","ping_status":"open","template":"","meta":{"footnotes":""},"class_list":["post-6306","page","type-page","status-publish","hentry"],"yoast_head":"<!-- This site is optimized with the Yoast SEO plugin v23.8 - https:\/\/yoast.com\/wordpress\/plugins\/seo\/ -->\n<title>Sekretesspolicy - APNX | Build Your Story<\/title>\n<meta name=\"robots\" content=\"noindex, follow, max-snippet:-1, max-image-preview:large, max-video-preview:-1\" \/>\n<meta property=\"og:locale\" content=\"sv_SE\" \/>\n<meta property=\"og:type\" content=\"article\" \/>\n<meta property=\"og:title\" content=\"Sekretesspolicy - APNX | Build Your Story\" \/>\n<meta property=\"og:url\" content=\"https:\/\/demo.apnx.com\/sv\/privacy-policy\/\" \/>\n<meta property=\"og:site_name\" content=\"APNX | Build Your Story\" \/>\n<meta property=\"article:modified_time\" content=\"2023-10-27T03:40:15+00:00\" \/>\n<meta name=\"twitter:card\" content=\"summary_large_image\" \/>\n<meta name=\"twitter:label1\" content=\"Ber\u00e4knad l\u00e4stid\" \/>\n\t<meta name=\"twitter:data1\" content=\"4 minuter\" \/>\n<script type=\"application\/ld+json\" class=\"yoast-schema-graph\">{\"@context\":\"https:\/\/schema.org\",\"@graph\":[{\"@type\":\"WebPage\",\"@id\":\"https:\/\/demo.apnx.com\/sv\/privacy-policy\/\",\"url\":\"https:\/\/demo.apnx.com\/sv\/privacy-policy\/\",\"name\":\"Sekretesspolicy - APNX | Build Your Story\",\"isPartOf\":{\"@id\":\"https:\/\/demo.apnx.com\/sv\/#website\"},\"datePublished\":\"2023-08-01T07:43:08+00:00\",\"dateModified\":\"2023-10-27T03:40:15+00:00\",\"breadcrumb\":{\"@id\":\"https:\/\/demo.apnx.com\/sv\/privacy-policy\/#breadcrumb\"},\"inLanguage\":\"sv-SE\",\"potentialAction\":[{\"@type\":\"ReadAction\",\"target\":[\"https:\/\/demo.apnx.com\/sv\/privacy-policy\/\"]}]},{\"@type\":\"BreadcrumbList\",\"@id\":\"https:\/\/demo.apnx.com\/sv\/privacy-policy\/#breadcrumb\",\"itemListElement\":[{\"@type\":\"ListItem\",\"position\":1,\"name\":\"Home\",\"item\":\"https:\/\/www.apnx.com\/sv\/\"},{\"@type\":\"ListItem\",\"position\":2,\"name\":\"Sekretesspolicy\"}]},{\"@type\":\"WebSite\",\"@id\":\"https:\/\/demo.apnx.com\/sv\/#website\",\"url\":\"https:\/\/demo.apnx.com\/sv\/\",\"name\":\"APNX | Build Your Story\",\"description\":\"APNX | Build Your Story\",\"potentialAction\":[{\"@type\":\"SearchAction\",\"target\":{\"@type\":\"EntryPoint\",\"urlTemplate\":\"https:\/\/demo.apnx.com\/sv\/?s={search_term_string}\"},\"query-input\":{\"@type\":\"PropertyValueSpecification\",\"valueRequired\":true,\"valueName\":\"search_term_string\"}}],\"inLanguage\":\"sv-SE\"}]}<\/script>\n<!-- \/ Yoast SEO plugin. -->","yoast_head_json":{"title":"Sekretesspolicy - APNX | Build Your Story","robots":{"index":"noindex","follow":"follow","max-snippet":"max-snippet:-1","max-image-preview":"max-image-preview:large","max-video-preview":"max-video-preview:-1"},"og_locale":"sv_SE","og_type":"article","og_title":"Sekretesspolicy - APNX | Build Your Story","og_url":"https:\/\/demo.apnx.com\/sv\/privacy-policy\/","og_site_name":"APNX | Build Your Story","article_modified_time":"2023-10-27T03:40:15+00:00","twitter_card":"summary_large_image","twitter_misc":{"Ber\u00e4knad l\u00e4stid":"4 minuter"},"schema":{"@context":"https:\/\/schema.org","@graph":[{"@type":"WebPage","@id":"https:\/\/demo.apnx.com\/sv\/privacy-policy\/","url":"https:\/\/demo.apnx.com\/sv\/privacy-policy\/","name":"Sekretesspolicy - APNX | Build Your Story","isPartOf":{"@id":"https:\/\/demo.apnx.com\/sv\/#website"},"datePublished":"2023-08-01T07:43:08+00:00","dateModified":"2023-10-27T03:40:15+00:00","breadcrumb":{"@id":"https:\/\/demo.apnx.com\/sv\/privacy-policy\/#breadcrumb"},"inLanguage":"sv-SE","potentialAction":[{"@type":"ReadAction","target":["https:\/\/demo.apnx.com\/sv\/privacy-policy\/"]}]},{"@type":"BreadcrumbList","@id":"https:\/\/demo.apnx.com\/sv\/privacy-policy\/#breadcrumb","itemListElement":[{"@type":"ListItem","position":1,"name":"Home","item":"https:\/\/www.apnx.com\/sv\/"},{"@type":"ListItem","position":2,"name":"Sekretesspolicy"}]},{"@type":"WebSite","@id":"https:\/\/demo.apnx.com\/sv\/#website","url":"https:\/\/demo.apnx.com\/sv\/","name":"APNX | Build Your Story","description":"APNX | Build Your Story","potentialAction":[{"@type":"SearchAction","target":{"@type":"EntryPoint","urlTemplate":"https:\/\/demo.apnx.com\/sv\/?s={search_term_string}"},"query-input":{"@type":"PropertyValueSpecification","valueRequired":true,"valueName":"search_term_string"}}],"inLanguage":"sv-SE"}]}},"_links":{"self":[{"href":"https:\/\/demo.apnx.com\/sv\/wp-json\/wp\/v2\/pages\/6306","targetHints":{"allow":["GET"]}}],"collection":[{"href":"https:\/\/demo.apnx.com\/sv\/wp-json\/wp\/v2\/pages"}],"about":[{"href":"https:\/\/demo.apnx.com\/sv\/wp-json\/wp\/v2\/types\/page"}],"author":[{"embeddable":true,"href":"https:\/\/demo.apnx.com\/sv\/wp-json\/wp\/v2\/users\/1"}],"replies":[{"embeddable":true,"href":"https:\/\/demo.apnx.com\/sv\/wp-json\/wp\/v2\/comments?post=6306"}],"version-history":[{"count":3,"href":"https:\/\/demo.apnx.com\/sv\/wp-json\/wp\/v2\/pages\/6306\/revisions"}],"predecessor-version":[{"id":6317,"href":"https:\/\/demo.apnx.com\/sv\/wp-json\/wp\/v2\/pages\/6306\/revisions\/6317"}],"wp:attachment":[{"href":"https:\/\/demo.apnx.com\/sv\/wp-json\/wp\/v2\/media?parent=6306"}],"curies":[{"name":"wp","href":"https:\/\/api.w.org\/{rel}","templated":true}]}}